{"id":8,"date":"2015-10-02T14:20:44","date_gmt":"2015-10-02T12:20:44","guid":{"rendered":"http:\/\/www.fenstermoeblierung.de\/wordpress\/sbdekoder\/?page_id=8"},"modified":"2017-03-27T19:40:34","modified_gmt":"2017-03-27T17:40:34","slug":"8xweichendekoder","status":"publish","type":"page","link":"https:\/\/sbdekoder.de\/?page_id=8","title":{"rendered":"8fach Weichendekoder"},"content":{"rendered":"<figure id=\"attachment_59\" aria-describedby=\"caption-attachment-59\" style=\"width: 300px\" class=\"wp-caption alignnone\"><a href=\"https:\/\/i0.wp.com\/www.sbdekoder.de\/wp-content\/uploads\/2015\/10\/IMG_4724-e1458129219595.jpg\"><img data-recalc-dims=\"1\" loading=\"lazy\" decoding=\"async\" class=\"wp-image-59 size-medium\" src=\"https:\/\/i0.wp.com\/sbdekoder.de\/wp-content\/uploads\/2015\/10\/IMG_4724-e1458129219595-300x189.jpg?resize=300%2C189\" alt=\"elegant und formsch\u00f6n\" width=\"300\" height=\"189\" srcset=\"https:\/\/i0.wp.com\/sbdekoder.de\/wp-content\/uploads\/2015\/10\/IMG_4724-e1458129219595.jpg?resize=300%2C189&amp;ssl=1 300w, https:\/\/i0.wp.com\/sbdekoder.de\/wp-content\/uploads\/2015\/10\/IMG_4724-e1458129219595.jpg?resize=768%2C485&amp;ssl=1 768w, https:\/\/i0.wp.com\/sbdekoder.de\/wp-content\/uploads\/2015\/10\/IMG_4724-e1458129219595.jpg?w=900&amp;ssl=1 900w\" sizes=\"auto, (max-width: 300px) 100vw, 300px\" \/><\/a><figcaption id=\"caption-attachment-59\" class=\"wp-caption-text\">elegant und formsch\u00f6n<\/figcaption><\/figure>\n<h3>einer der wahrscheinlich sch\u00f6nsten Dekoder die wir haben.<\/h3>\n<p>Dieser gro\u00dfe Dekoder ist das eigentliche Herzst\u00fcck der Digitalforschung des Spa\u00dfbahnforums.\u00a0Lassen sich doch die ersten Vorl\u00e4ufer bereits auf das Jahr A.D 2012 zur\u00fcckdatieren.<\/p>\n<p>&nbsp;<\/p>\n<h2>Das also ist er<\/h2>\n<p>Der 8fach Weichendekoder steuert (man glaubt es kaum) bis zu acht einspulige Weichen (zum Beispiel LGB, Conrad oder Kato) an. Da diese Antriebsbauformen mit einer polarisierten Gleichspannung anzusteuern sind, muss irgendeine Form von H-Br\u00fccke oder spezieller Motortreiber zum Einsatz kommen. Diese Dekoder verwenden den <strong>MTS2916<\/strong> von Microchip. Der Baustein ist verh\u00e4ltnism\u00e4\u00dfig g\u00fcnstig, hat jede Menge funktionen, die wir nicht brauchen und kann vor allem mit einer internen Spannungsregelung die Leistung an den Weichenspulen begrenzen. Hierzu kann man mit Widerst\u00e4nden am Motortreiber die Spannung in 0,25 V\/0,1\u03a9 Schritten justieren und gleichzeitig die Last begrenzen. Im gleichen Zuge begrenzt man dann auch die mechanische Belastung der Antriebe.<\/p>\n<p>Als Prozessor kommt ein <strong>Pic16F<\/strong> zum Einsatz, der mit einer 8bit (10bit) Architektur in erster Linie g\u00fcnstig ist und \u00a0doch recht viele Ausg\u00e4nge bietet.<\/p>\n<p>Eine sp\u00e4tere Version des Dekoders kann mit einer <strong>Optokoppler-Baugruppe<\/strong> best\u00fcckt werden, die es dann erm\u00f6glicht, die Motortreiber und den Prozessor \u00fcber einen getrennten Eingang mit Spannung zu versorgen. Das bietet zum einen den gro\u00dfen Vorteil, dass die Digitalzentrale, oder der angeschlossene Booster nicht die Schaltleistung f\u00fcr Weichenantriebe und den Dekoder liefern m\u00fcssen, sondern lediglich die LED des Optokopplers zu betreiben haben und zum zweiten, dass man die Schaltspannung am Ausgang flexibler einstellen kann. Kleiner Haken: man ben\u00f6tigt eine zus\u00e4tzliche Zuleitung.<\/p>\n<hr \/>\n<blockquote><p>\u00abWer anderen eine Grube gr\u00e4bt, hat Gold im Mund\u00bb<\/p><\/blockquote>\n<hr \/>\n<p>&nbsp;<\/p>\n<h2>Downloads<\/h2>\n<p>Nichts gefunden? &#8211; Im\u00a0<a href=\"http:\/\/www.fenstermoeblierung.de\/wordpress\/sbdekoder\/\">Archiv<\/a>\u00a0sind alle Dokumentationen und Bauanleitungen<\/p>\n<h5><i class=\"wp-svg-cloud-download cloud-download\"><\/i>\u00a0<a href=\"http:\/\/www.sbdekoder.de\/wp-content\/uploads\/2015\/10\/Dekoder-L\u00f6tanleitung.pdf\" target=\"_blank\">Allgemeine L\u00f6tanleitung\u00a0<\/a><\/h5>\n<p>F\u00fcr Anf\u00e4nger geeignet und ein gro\u00dfer Spa\u00df f\u00fcr die ganze Familie<\/p>\n<h5><i class=\"wp-svg-cloud-download cloud-download\"><\/i>\u00a0<a href=\"http:\/\/www.sbdekoder.de\/wp-content\/uploads\/2015\/10\/Dekoder-Bauanleitung.pdf\" target=\"_blank\">Bau und Bedienungsanleitung 8fach Dekoder Mid2012<\/a><\/h5>\n<h5><i class=\"wp-svg-cloud-download cloud-download\"><\/i><a href=\"http:\/\/www.sbdekoder.de\/wp-content\/uploads\/2015\/10\/8fach-Dekoder-Version-Dez.2012-Bauanleitung.pdf\" target=\"_blank\">Bau und Bedienungsanleitung 8fach Dekoder<\/a>\u00a0Early2013<\/h5>\n<p>Das Herzst\u00fcck, das Meisterwerk, ein epochales Werk auf 6 Seiten.<\/p>\n<h2>Software- und Versionshistorie<\/h2>\n<ul>\n<li><em>Aug. 2012:<\/em> Erster Prototyp Software 1.0<\/li>\n<li><em>Okt. 2012:<\/em> Platine: Layout 1.1 &#8211; Versorgung kann durchgedrahtet werden<\/li>\n<li><em>Dez. 2012:<\/em> Platine Layout 1.2 &#8211; Optokopplung (kann nicht durchgedrahtet werden); Klemmen sind anreihbar, Gleichrichter um 90\u00b0 gedreht, Status-LED hinzu, Software 1.1: Status-LED signalisiert initialisierten Prozessor<\/li>\n<li><em>Jan. 2013:<\/em> Software 1.2 &#8211; Fehlerbehebung: Lesen des EEPROM (Ausgangsstatus wird falsch zur\u00fcckgeschrieben)<\/li>\n<li><em>Jan.2013:<\/em> Software 1.3 &#8211; Fehlerbehebung: Programmiermodus schaltet die LED ab; abgebrochener Programmiermodus schaltet die LED dauerhaft ab.<\/li>\n<li><em>Feb. 2013<\/em>: Software 1.4 &#8211; Programm aufger\u00e4umt; Platz f\u00fcr Neues<\/li>\n<li><em>Feb. 2013:<\/em> Software 1.5 &#8211; Schaltrichtungen korrigiert.<\/li>\n<li><em>Mrz. 2013:<\/em> Platine 2.0: Ausgangsregelung vereinfacht, Peripherie abgespeckt. Alle Anschl\u00fcsse k\u00f6nnen durchgedrahtet werden. Optokopplung und interne Versorgung k\u00f6nnen alternativ best\u00fcckt werden. Gleichrichter wieder um 90\u00b0 gedreht. Sicherung liegt jetzt schwachsinnig nah am Gleichrichter. Massefl\u00e4chen unter den Ausgangstreibern. Gr\u00f6\u00dfere Montagebohrungen<\/li>\n<li><em>Mrz. 2013: <\/em>Software\u00a01.6 \u00a0&#8211; Anpassung f\u00fcr neue Platine (Schaltrichtungen haben sich wieder ge\u00e4ndert)<\/li>\n<li><em>Mrz. 2013:\u00a0<\/em>Software 1.7 &#8211; LED blinkt jetzt bei erkannten DCC Signalen.<\/li>\n<\/ul>\n<p>&nbsp;<\/p>\n","protected":false},"excerpt":{"rendered":"<p>einer der wahrscheinlich sch\u00f6nsten Dekoder die wir haben. Dieser gro\u00dfe Dekoder ist das eigentliche Herzst\u00fcck der Digitalforschung des Spa\u00dfbahnforums.\u00a0Lassen sich doch die ersten Vorl\u00e4ufer bereits auf das Jahr A.D 2012 zur\u00fcckdatieren. &nbsp; Das also ist er Der 8fach Weichendekoder steuert (man glaubt es kaum) bis zu acht einspulige Weichen (zum Beispiel LGB, Conrad oder Kato) [&hellip;]<\/p>\n","protected":false},"author":1,"featured_media":59,"parent":0,"menu_order":0,"comment_status":"closed","ping_status":"closed","template":"","meta":{"jetpack_post_was_ever_published":false,"footnotes":""},"class_list":["post-8","page","type-page","status-publish","has-post-thumbnail","hentry"],"jetpack_sharing_enabled":true,"jetpack_shortlink":"https:\/\/wp.me\/P8oh8H-8","_links":{"self":[{"href":"https:\/\/sbdekoder.de\/index.php?rest_route=\/wp\/v2\/pages\/8","targetHints":{"allow":["GET"]}}],"collection":[{"href":"https:\/\/sbdekoder.de\/index.php?rest_route=\/wp\/v2\/pages"}],"about":[{"href":"https:\/\/sbdekoder.de\/index.php?rest_route=\/wp\/v2\/types\/page"}],"author":[{"embeddable":true,"href":"https:\/\/sbdekoder.de\/index.php?rest_route=\/wp\/v2\/users\/1"}],"replies":[{"embeddable":true,"href":"https:\/\/sbdekoder.de\/index.php?rest_route=%2Fwp%2Fv2%2Fcomments&post=8"}],"version-history":[{"count":1,"href":"https:\/\/sbdekoder.de\/index.php?rest_route=\/wp\/v2\/pages\/8\/revisions"}],"predecessor-version":[{"id":390,"href":"https:\/\/sbdekoder.de\/index.php?rest_route=\/wp\/v2\/pages\/8\/revisions\/390"}],"wp:featuredmedia":[{"embeddable":true,"href":"https:\/\/sbdekoder.de\/index.php?rest_route=\/wp\/v2\/media\/59"}],"wp:attachment":[{"href":"https:\/\/sbdekoder.de\/index.php?rest_route=%2Fwp%2Fv2%2Fmedia&parent=8"}],"curies":[{"name":"wp","href":"https:\/\/api.w.org\/{rel}","templated":true}]}}