{"id":619,"date":"2018-01-07T18:00:24","date_gmt":"2018-01-07T17:00:24","guid":{"rendered":"http:\/\/sbdekoder.de\/?page_id=619"},"modified":"2020-03-09T19:39:46","modified_gmt":"2020-03-09T18:39:46","slug":"ewd-3xs","status":"publish","type":"page","link":"https:\/\/sbdekoder.de\/?page_id=619","title":{"rendered":"EWD 3xs"},"content":{"rendered":"<p><a href=\"https:\/\/i0.wp.com\/sbdekoder.de\/wp-content\/uploads\/2018\/01\/ewd3xs-banner.jpg\"><img data-recalc-dims=\"1\" loading=\"lazy\" decoding=\"async\" class=\"size-full wp-image-620 alignleft\" src=\"https:\/\/i0.wp.com\/sbdekoder.de\/wp-content\/uploads\/2018\/01\/ewd3xs-banner.jpg?resize=780%2C452\" alt=\"\" width=\"780\" height=\"452\" srcset=\"https:\/\/i0.wp.com\/sbdekoder.de\/wp-content\/uploads\/2018\/01\/ewd3xs-banner.jpg?w=1000&amp;ssl=1 1000w, https:\/\/i0.wp.com\/sbdekoder.de\/wp-content\/uploads\/2018\/01\/ewd3xs-banner.jpg?resize=300%2C174&amp;ssl=1 300w, https:\/\/i0.wp.com\/sbdekoder.de\/wp-content\/uploads\/2018\/01\/ewd3xs-banner.jpg?resize=768%2C445&amp;ssl=1 768w\" sizes=\"auto, (max-width: 780px) 100vw, 780px\" \/><\/a>Nachdem die weltweiten Spa\u00dfbahner \u00fcber 1500 Einzelweichendekoder gebastelt haben (davon 900 EWD 3), sollte man meinen, dass keine Weiche da drau\u00dfen mehr ohne Einzelweichendekoder digitalisiert ist. Trotzdem gibt es noch W\u00fcnsche und Ideen f\u00fcr eine m\u00f6gliche Weiterentwicklung des bekannten Einzelweichendekoders.<\/p>\n<p>Herausgekommen ist der EWD 3xs. Der Dekoder findet ab jetzt nicht unter der Schwelle der Weiche, sondern direkt im Weichenantrieb seinen Platz und kann so erstens sehr leicht angeschlossen und zweitens auch leicht gegen Witterung isoliert werden. Neben der kleinen Baugr\u00f6\u00dfe sind nun auch einige Bauteile ersetzt worden, wodurch insgesamt weniger Teile auf der Platine platziert werden m\u00fcssen.<\/p>\n<h2>Bau- und Bedienungsanleitung<\/h2>\n<p>F\u00fcr alle Versionen im <a href=\"https:\/\/sbdekoder.de\/?yada_wiki=einzelweichendekoder\">Wiki&#8230;<\/a><\/p>\n<h2>Versionshistorie<\/h2>\n<ul>\n<li><em>Jan 2018: EWD 3xs &#8211; HW Vers. 3.4<\/em><\/li>\n<\/ul>\n","protected":false},"excerpt":{"rendered":"<p>Nachdem die weltweiten Spa\u00dfbahner \u00fcber 1500 Einzelweichendekoder gebastelt haben (davon 900 EWD 3), sollte man meinen, dass keine Weiche da drau\u00dfen mehr ohne Einzelweichendekoder digitalisiert ist. Trotzdem gibt es noch W\u00fcnsche und Ideen f\u00fcr eine m\u00f6gliche Weiterentwicklung des bekannten Einzelweichendekoders. Herausgekommen ist der EWD 3xs. Der Dekoder findet ab jetzt nicht unter der Schwelle der [&hellip;]<\/p>\n","protected":false},"author":1,"featured_media":0,"parent":0,"menu_order":0,"comment_status":"closed","ping_status":"closed","template":"","meta":{"jetpack_post_was_ever_published":false,"footnotes":""},"class_list":["post-619","page","type-page","status-publish","hentry"],"jetpack_sharing_enabled":true,"jetpack_shortlink":"https:\/\/wp.me\/P8oh8H-9Z","_links":{"self":[{"href":"https:\/\/sbdekoder.de\/index.php?rest_route=\/wp\/v2\/pages\/619","targetHints":{"allow":["GET"]}}],"collection":[{"href":"https:\/\/sbdekoder.de\/index.php?rest_route=\/wp\/v2\/pages"}],"about":[{"href":"https:\/\/sbdekoder.de\/index.php?rest_route=\/wp\/v2\/types\/page"}],"author":[{"embeddable":true,"href":"https:\/\/sbdekoder.de\/index.php?rest_route=\/wp\/v2\/users\/1"}],"replies":[{"embeddable":true,"href":"https:\/\/sbdekoder.de\/index.php?rest_route=%2Fwp%2Fv2%2Fcomments&post=619"}],"version-history":[{"count":3,"href":"https:\/\/sbdekoder.de\/index.php?rest_route=\/wp\/v2\/pages\/619\/revisions"}],"predecessor-version":[{"id":1086,"href":"https:\/\/sbdekoder.de\/index.php?rest_route=\/wp\/v2\/pages\/619\/revisions\/1086"}],"wp:attachment":[{"href":"https:\/\/sbdekoder.de\/index.php?rest_route=%2Fwp%2Fv2%2Fmedia&parent=619"}],"curies":[{"name":"wp","href":"https:\/\/api.w.org\/{rel}","templated":true}]}}