{"id":543,"date":"2017-10-15T18:34:25","date_gmt":"2017-10-15T16:34:25","guid":{"rendered":"http:\/\/sbdekoder.de\/?page_id=543"},"modified":"2017-10-15T18:34:25","modified_gmt":"2017-10-15T16:34:25","slug":"spasscan-belegtmelder-2","status":"publish","type":"page","link":"https:\/\/sbdekoder.de\/?page_id=543","title":{"rendered":"Spa\u00dfCAN &#8211; Belegtmelder 2"},"content":{"rendered":"<p><a href=\"https:\/\/i0.wp.com\/sbdekoder.de\/wp-content\/uploads\/2017\/10\/IMG_6664.jpg\"><img data-recalc-dims=\"1\" loading=\"lazy\" decoding=\"async\" class=\"alignnone wp-image-544 size-large\" src=\"https:\/\/i0.wp.com\/sbdekoder.de\/wp-content\/uploads\/2017\/10\/IMG_6664-e1508084309328-1024x511.jpg?resize=780%2C389\" alt=\"\" width=\"780\" height=\"389\" srcset=\"https:\/\/i0.wp.com\/sbdekoder.de\/wp-content\/uploads\/2017\/10\/IMG_6664-e1508084309328.jpg?resize=1024%2C511&amp;ssl=1 1024w, https:\/\/i0.wp.com\/sbdekoder.de\/wp-content\/uploads\/2017\/10\/IMG_6664-e1508084309328.jpg?resize=300%2C150&amp;ssl=1 300w, https:\/\/i0.wp.com\/sbdekoder.de\/wp-content\/uploads\/2017\/10\/IMG_6664-e1508084309328.jpg?resize=768%2C383&amp;ssl=1 768w, https:\/\/i0.wp.com\/sbdekoder.de\/wp-content\/uploads\/2017\/10\/IMG_6664-e1508084309328.jpg?w=1560&amp;ssl=1 1560w, https:\/\/i0.wp.com\/sbdekoder.de\/wp-content\/uploads\/2017\/10\/IMG_6664-e1508084309328.jpg?w=2340&amp;ssl=1 2340w\" sizes=\"auto, (max-width: 780px) 100vw, 780px\" \/><\/a><\/p>\n<p>Power ist eigentlich nur durch mehr Power ersetzbar. Also mehr ist im klassischen Sinne eigentlich mehr. Und genau da setzt der Belegtmelder 2 an. Gartenbahnen gehen nicht zimperlich mit der ihnen zur Verf\u00fcgung gestellten Leistung um und genau darauf muss eine Strommessung in der Zuleitung ausgelegt sein. Wenn man alle Register ziehen m\u00f6chte, sollte man auch entsprechend gro\u00dfz\u00fcgig die Stromfestigkeit seiner Belegtmelder auslegen. Da mit gro\u00dfen Str\u00f6men auch ein gro\u00dfer Spannungsabfall einhergeht &#8211; so Ohm will &#8211; ist es durchaus auch sinnvoll, seine Widerst\u00e4nde in der Zuleitung zu reduzieren. Daher wird der Belegtmelder 2 nur \u00fcber eine Diode in die Gleiseinspeisung eingeschliffen, um nicht die teuer verlegte und generierte Gleisspannung zu reduzieren. Um trotzdem noch ausreichend genau auszul\u00f6sen wird der gemessene Spannungsabfall \u00fcber der Diode mit einem Differenzverst\u00e4rker vergr\u00f6\u00dfert und auf einen nachgeschalteten Melder gegeben.<\/p>\n<h2>Technische Daten:<\/h2>\n<ul>\n<li>Versorgungsspannung: 12V &#8211; 28V<\/li>\n<li>Dauerstrom: 6A<\/li>\n<li>Spitzenstrom: 300 A<\/li>\n<li>Spannungsabfall: 0,7 V &#8211; 0,9 V<\/li>\n<\/ul>\n<h2>Downloads:<\/h2>\n<h5><i class=\"wp-svg-cloud-download cloud-download\"><\/i> <a href=\"http:\/\/sbdekoder.de\/wp-content\/uploads\/2017\/10\/Spa\u00dfCAN-Belegtmelder-2-L\u00f6t-und-Anschlussanleitung.pdf\">L\u00f6t- und Anschlussanleitung<\/a><\/h5>\n<p>Sag nicht, ich h\u00e4tte dich nicht gewarnt<\/p>\n<h2>Versionshistorie<\/h2>\n<ul>\n<li><em>M\u00e4r.2015:<\/em> Version 1.0<\/li>\n<li><em>Jan. 2016:\u00a0<\/em>Version 1.2: Gr\u00f6\u00dfere Dioden<\/li>\n<li><em>Aug. 2017:<\/em> Version 2.0: OP-Amps, Einzeldiode<\/li>\n<\/ul>\n","protected":false},"excerpt":{"rendered":"<p>Power ist eigentlich nur durch mehr Power ersetzbar. Also mehr ist im klassischen Sinne eigentlich mehr. Und genau da setzt der Belegtmelder 2 an. Gartenbahnen gehen nicht zimperlich mit der ihnen zur Verf\u00fcgung gestellten Leistung um und genau darauf muss eine Strommessung in der Zuleitung ausgelegt sein. Wenn man alle Register ziehen m\u00f6chte, sollte man [&hellip;]<\/p>\n","protected":false},"author":1,"featured_media":417,"parent":0,"menu_order":0,"comment_status":"closed","ping_status":"closed","template":"","meta":{"jetpack_post_was_ever_published":false,"footnotes":""},"class_list":["post-543","page","type-page","status-publish","has-post-thumbnail","hentry"],"jetpack_sharing_enabled":true,"jetpack_shortlink":"https:\/\/wp.me\/P8oh8H-8L","_links":{"self":[{"href":"https:\/\/sbdekoder.de\/index.php?rest_route=\/wp\/v2\/pages\/543","targetHints":{"allow":["GET"]}}],"collection":[{"href":"https:\/\/sbdekoder.de\/index.php?rest_route=\/wp\/v2\/pages"}],"about":[{"href":"https:\/\/sbdekoder.de\/index.php?rest_route=\/wp\/v2\/types\/page"}],"author":[{"embeddable":true,"href":"https:\/\/sbdekoder.de\/index.php?rest_route=\/wp\/v2\/users\/1"}],"replies":[{"embeddable":true,"href":"https:\/\/sbdekoder.de\/index.php?rest_route=%2Fwp%2Fv2%2Fcomments&post=543"}],"version-history":[{"count":1,"href":"https:\/\/sbdekoder.de\/index.php?rest_route=\/wp\/v2\/pages\/543\/revisions"}],"predecessor-version":[{"id":545,"href":"https:\/\/sbdekoder.de\/index.php?rest_route=\/wp\/v2\/pages\/543\/revisions\/545"}],"wp:featuredmedia":[{"embeddable":true,"href":"https:\/\/sbdekoder.de\/index.php?rest_route=\/wp\/v2\/media\/417"}],"wp:attachment":[{"href":"https:\/\/sbdekoder.de\/index.php?rest_route=%2Fwp%2Fv2%2Fmedia&parent=543"}],"curies":[{"name":"wp","href":"https:\/\/api.w.org\/{rel}","templated":true}]}}