{"id":410,"date":"2017-05-17T14:44:42","date_gmt":"2017-05-17T12:44:42","guid":{"rendered":"http:\/\/sbdekoder.de\/?page_id=410"},"modified":"2017-05-17T14:44:42","modified_gmt":"2017-05-17T12:44:42","slug":"f-a-q","status":"publish","type":"page","link":"https:\/\/sbdekoder.de\/?page_id=410","title":{"rendered":"F.A.Q"},"content":{"rendered":"<p>Oft gestellte Fragen, unangenehme Wahrheiten und schonungslose\u00a0Ehrlichkeit.<\/p>\n<blockquote><p>&#8222;Ein Teil dieser Antworten w\u00fcrde die Bev\u00f6lkerung verunsichern&#8220;<\/p>\n<p style=\"text-align: right;\">T.\u00a0de Maizi\u00e8re &#8211; Politkabarettist<\/p>\n<\/blockquote>\n<p>&nbsp;<\/p>\n\t<div id=\"jltmaf-awesome-faq-accordion-17763700401277901101\">\n\t\t<div class=\"panel-group\" id=\"accordion-177637004012779011010\">\n\t\t\n\t\t\n\t\t\t<div class=\"panel panel-default\">\n\t\t\t\t<div class=\"jltmaf-item panel-heading\" style=\"background:;\">\n\t\t\t\t\t<div class=\"panel-title\">\n\t\t\t\t\t\t<a data-toggle=\"collapse\" class=\"collapsed\" data-parent=\"#accordion-177637004012779011010\" href=\"#accordion-17763700401277901101-422\" style=\"color:;\">\n\t\t\t\t\t\t\t\t<span class=\"pull- jltmaf-icon\">\n\t\t\t\t\t\t\t\t\t\t\t\t\t\t\t\t\t<\/span>\n\t\t\t\t\t\t\tWoher bekomme ich einen Spa\u00dfbahndekoder?\t\t\t\t\t\t<\/a>\n\t\t\t\t\t<\/div>\n\t\t\t\t<\/div>\n\n\t\t\t\t<div id=\"accordion-17763700401277901101-422\" class=\"panel-collapse collapse\" style=\"background:; color:; border-color:;\">\n\t\t\t\t\t<div class=\"panel-body\">\t\t\t\t\t\n\t\t\t\t\t\t<p>Die Spa\u00dfbahndekoder kann man genau genommen nirgends kaufen. Weder im Laden, nicht im Internet und auch nicht im DarkNet (wobei man da ja angeblich alles kaufen kann). Die Dekoder kann man sich allerdings selber bauen. Daf\u00fcr werden alle n\u00f6tigen Dokumente und Programme unter der GP-Lizenz V3 zur Verf\u00fcgung gestellt (einfach anfragen). Au\u00dferdem besteht die M\u00f6glichkeit im Spa\u00dfbahnforum an dem Projekt: Spa\u00dfbahn Dekoder (oder Spa\u00dfCAN) teilzunehmen und dann dort an gesammelten Bestellungen teilzunehmen (auch einfach mal nachfragen). Also nichts zu kaufen, sondern nur von Gartenbahnfreunden f\u00fcr Gartenbahnfreunde.<\/p>\n\t\t\t\t\t<\/div>\n\t\t\t\t<\/div>\n\t\t\t<\/div>\n\n\t\t\n\t\t\t<div class=\"panel panel-default\">\n\t\t\t\t<div class=\"jltmaf-item panel-heading\" style=\"background:;\">\n\t\t\t\t\t<div class=\"panel-title\">\n\t\t\t\t\t\t<a data-toggle=\"collapse\" class=\"collapsed\" data-parent=\"#accordion-177637004012779011010\" href=\"#accordion-17763700401277901101-423\" style=\"color:;\">\n\t\t\t\t\t\t\t\t<span class=\"pull- jltmaf-icon\">\n\t\t\t\t\t\t\t\t\t\t\t\t\t\t\t\t\t<\/span>\n\t\t\t\t\t\t\tDarf ich meine Spa\u00dfbahndekoder verkaufen?\t\t\t\t\t\t<\/a>\n\t\t\t\t\t<\/div>\n\t\t\t\t<\/div>\n\n\t\t\t\t<div id=\"accordion-17763700401277901101-423\" class=\"panel-collapse collapse\" style=\"background:; color:; border-color:;\">\n\t\t\t\t\t<div class=\"panel-body\">\t\t\t\t\t\n\t\t\t\t\t\t<p>Ja sicher darf man das. An im Umlauf befindlichen Platinen haben wir ja keine Besitzanspr\u00fcche. Die Dekoder werden allerdings unter der GPLv3 Entwickelt, was bedeutet dass eine kommerzielle Nutzung (also Verkauf im gr\u00f6\u00dferen Stil) das Einverst\u00e4ndnis des Urhebers voraussetzt.<\/p>\n\t\t\t\t\t<\/div>\n\t\t\t\t<\/div>\n\t\t\t<\/div>\n\n\t\t\n\t\t\t<div class=\"panel panel-default\">\n\t\t\t\t<div class=\"jltmaf-item panel-heading\" style=\"background:;\">\n\t\t\t\t\t<div class=\"panel-title\">\n\t\t\t\t\t\t<a data-toggle=\"collapse\" class=\"collapsed\" data-parent=\"#accordion-177637004012779011010\" href=\"#accordion-17763700401277901101-424\" style=\"color:;\">\n\t\t\t\t\t\t\t\t<span class=\"pull- jltmaf-icon\">\n\t\t\t\t\t\t\t\t\t\t\t\t\t\t\t\t\t<\/span>\n\t\t\t\t\t\t\tMeine Spa\u00dfbahndekoder Hardware macht nicht das was sie soll. Was nun?\t\t\t\t\t\t<\/a>\n\t\t\t\t\t<\/div>\n\t\t\t\t<\/div>\n\n\t\t\t\t<div id=\"accordion-17763700401277901101-424\" class=\"panel-collapse collapse\" style=\"background:; color:; border-color:;\">\n\t\t\t\t\t<div class=\"panel-body\">\t\t\t\t\t\n\t\t\t\t\t\t<p>Da die Platinen selbst zusammengebaut werden m\u00fcssen,\u00a0ist die Ursache des Fehlers nat\u00fcrlich schnell gefunden. Auf der anderen Seite kann man auch schwer zerl\u00f6tete Platinen h\u00e4ufig nochmal\u00a0retten. Da manche Spa\u00dfbahner sich bereits ein ganz erstaunliches Know-How erarbeitet haben, geben sie gern Hilfestellungen oder reparieren sogar gern mutma\u00dflich defekte Platinen. Manchmal ist nur eine L\u00f6tung nicht so gut, manchmal ist ein Bauteil kaputt gegangen &#8211; Alles kein Beinbruch.<\/p>\n\t\t\t\t\t<\/div>\n\t\t\t\t<\/div>\n\t\t\t<\/div>\n\n\t\t\n\t\t\t<div class=\"panel panel-default\">\n\t\t\t\t<div class=\"jltmaf-item panel-heading\" style=\"background:;\">\n\t\t\t\t\t<div class=\"panel-title\">\n\t\t\t\t\t\t<a data-toggle=\"collapse\" class=\"collapsed\" data-parent=\"#accordion-177637004012779011010\" href=\"#accordion-17763700401277901101-425\" style=\"color:;\">\n\t\t\t\t\t\t\t\t<span class=\"pull- jltmaf-icon\">\n\t\t\t\t\t\t\t\t\t\t\t\t\t\t\t\t\t<\/span>\n\t\t\t\t\t\t\tIch h\u00e4tte gern fertige Platinen &#8211; Wei\u00df aber nicht, wo das hei\u00dfe Ende vom L\u00f6tkolben ist. Was tun?\t\t\t\t\t\t<\/a>\n\t\t\t\t\t<\/div>\n\t\t\t\t<\/div>\n\n\t\t\t\t<div id=\"accordion-17763700401277901101-425\" class=\"panel-collapse collapse\" style=\"background:; color:; border-color:;\">\n\t\t\t\t\t<div class=\"panel-body\">\t\t\t\t\t\n\t\t\t\t\t\t<p>Aus verschiedenen Gr\u00fcnden kann man keine fertigen Dekoder oder R\u00fcckmelder bekommen. Das h\u00e4ngt zum einen damit zusammen, dass eine Serienfertigung sehr kostenintensiv ist und eine Manufakturfertigung sehr zeitintensiv ist, zum Anderen\u00a0besteht kein Vertrieb f\u00fcr die Dekoder, an den man sich im Garantiefall wenden k\u00f6nnte.<\/p>\n<p>Allerdings gibt es viele Menschen da drau\u00dfen, die bereits sehr erfolgreich Dekoder oder R\u00fcckmelder zusammengebaut haben und dadurch sehr routiniert mit Werkzeug und Bauteilen umgehen k\u00f6nnen. Manche haben sogar so viel Spa\u00df daran, dass sie gegen eine Einladung zum Grillen, oder einen Kasten Bier mit anschlie\u00dfendem Gartenbahnbewundern einige Dekoder zusammenbauen.<\/p>\n<p>Von Zeit zu Zeit gibt es auch im Land verteilt L\u00f6tworkshops, die dazu einladen, autodidaktisch zu vermitteln auf welchem Ende der L\u00f6tkolben hei\u00df wird.<\/p>\n\t\t\t\t\t<\/div>\n\t\t\t\t<\/div>\n\t\t\t<\/div>\n\n\t\t\n\t\t\t<div class=\"panel panel-default\">\n\t\t\t\t<div class=\"jltmaf-item panel-heading\" style=\"background:;\">\n\t\t\t\t\t<div class=\"panel-title\">\n\t\t\t\t\t\t<a data-toggle=\"collapse\" class=\"collapsed\" data-parent=\"#accordion-177637004012779011010\" href=\"#accordion-17763700401277901101-428\" style=\"color:;\">\n\t\t\t\t\t\t\t\t<span class=\"pull- jltmaf-icon\">\n\t\t\t\t\t\t\t\t\t\t\t\t\t\t\t\t\t<\/span>\n\t\t\t\t\t\t\tWas kostet ein Spa\u00dfbahndekoder\/R\u00fcckmelder ?\t\t\t\t\t\t<\/a>\n\t\t\t\t\t<\/div>\n\t\t\t\t<\/div>\n\n\t\t\t\t<div id=\"accordion-17763700401277901101-428\" class=\"panel-collapse collapse\" style=\"background:; color:; border-color:;\">\n\t\t\t\t\t<div class=\"panel-body\">\t\t\t\t\t\n\t\t\t\t\t\t<p>der tats\u00e4chliche Wert l\u00e4sst sich nat\u00fcrlich kaum beziffern, da das Gef\u00fchl, wenn eine Weiche das erste mal von einem selbstgebauten Dekoder befeuert schaltet, mit keinem Geld der Welt zu bezahlen ist. Andererseits l\u00e4sst sich der Preis nicht nennen, da er st\u00e4ndig schwankt, abh\u00e4ngig davon, wo man die Bauteile kauft, oder ob man an einem Projekt teilnimmt und dann in den Genuss von den Mengenrabatten kommt. Alles in Allem sind die Bausteine eigentlich ziemlich g\u00fcnstig. Der 8er Weichendekoder kostete lange Zeit um die 16 \u20ac und der Einzeldekoder liegt immer zwischen 5 und 6 \u20ac pro Dekoder.<\/p>\n\t\t\t\t\t<\/div>\n\t\t\t\t<\/div>\n\t\t\t<\/div>\n\n\t\t\n\t\t<\/div>\n\t<\/div><!-- \/#awesome-colorful-faq -->\n\n\n<p>&nbsp;<\/p>\n","protected":false},"excerpt":{"rendered":"<p>Oft gestellte Fragen, unangenehme Wahrheiten und schonungslose\u00a0Ehrlichkeit. &#8222;Ein Teil dieser Antworten w\u00fcrde die Bev\u00f6lkerung verunsichern&#8220; T.\u00a0de Maizi\u00e8re &#8211; Politkabarettist &nbsp; &nbsp;<\/p>\n","protected":false},"author":1,"featured_media":0,"parent":0,"menu_order":0,"comment_status":"closed","ping_status":"closed","template":"","meta":{"jetpack_post_was_ever_published":false,"footnotes":""},"class_list":["post-410","page","type-page","status-publish","hentry"],"jetpack_sharing_enabled":true,"jetpack_shortlink":"https:\/\/wp.me\/P8oh8H-6C","_links":{"self":[{"href":"https:\/\/sbdekoder.de\/index.php?rest_route=\/wp\/v2\/pages\/410","targetHints":{"allow":["GET"]}}],"collection":[{"href":"https:\/\/sbdekoder.de\/index.php?rest_route=\/wp\/v2\/pages"}],"about":[{"href":"https:\/\/sbdekoder.de\/index.php?rest_route=\/wp\/v2\/types\/page"}],"author":[{"embeddable":true,"href":"https:\/\/sbdekoder.de\/index.php?rest_route=\/wp\/v2\/users\/1"}],"replies":[{"embeddable":true,"href":"https:\/\/sbdekoder.de\/index.php?rest_route=%2Fwp%2Fv2%2Fcomments&post=410"}],"version-history":[{"count":3,"href":"https:\/\/sbdekoder.de\/index.php?rest_route=\/wp\/v2\/pages\/410\/revisions"}],"predecessor-version":[{"id":426,"href":"https:\/\/sbdekoder.de\/index.php?rest_route=\/wp\/v2\/pages\/410\/revisions\/426"}],"wp:attachment":[{"href":"https:\/\/sbdekoder.de\/index.php?rest_route=%2Fwp%2Fv2%2Fmedia&parent=410"}],"curies":[{"name":"wp","href":"https:\/\/api.w.org\/{rel}","templated":true}]}}