{"id":374,"date":"2017-03-08T12:20:01","date_gmt":"2017-03-08T11:20:01","guid":{"rendered":"http:\/\/sbdekoder.de\/?page_id=374"},"modified":"2017-03-08T12:24:50","modified_gmt":"2017-03-08T11:24:50","slug":"spasscan-melder24","status":"publish","type":"page","link":"https:\/\/sbdekoder.de\/?page_id=374","title":{"rendered":"Spa\u00dfCAN &#8211; Melder24"},"content":{"rendered":"<p><a href=\"https:\/\/i0.wp.com\/sbdekoder.de\/wp-content\/uploads\/2017\/01\/melder24.png\"><img data-recalc-dims=\"1\" loading=\"lazy\" decoding=\"async\" class=\"alignnone wp-image-228 size-full\" src=\"https:\/\/i0.wp.com\/sbdekoder.de\/wp-content\/uploads\/2017\/01\/melder24.png?resize=764%2C479\" width=\"764\" height=\"479\" srcset=\"https:\/\/i0.wp.com\/sbdekoder.de\/wp-content\/uploads\/2017\/01\/melder24.png?w=764&amp;ssl=1 764w, https:\/\/i0.wp.com\/sbdekoder.de\/wp-content\/uploads\/2017\/01\/melder24.png?resize=300%2C188&amp;ssl=1 300w\" sizes=\"auto, (max-width: 764px) 100vw, 764px\" \/><\/a><\/p>\n<p>Um einmal einen alten Running Gag wieder zu bem\u00fchen: Der sicherlich sch\u00f6nste R\u00fcckmelder, den wir je hatten, phantomschwarz und geheimnisvoll! Aber in diesem Fall ist es nicht allein so, dass 24 besser als 16 ist, es gibt ein paar subtile Unterscheidungsmerkmale zum Melder 16. Doch zun\u00e4chst die Gemeinsamkeit: Gleich ist bei beiden Modulen die Zusammenfassung zu F\u00fcnfergruppen, in diesem Fall sechs St\u00fcck, aber sonst?<\/p>\n<p>Direkt neben dem Busanschluss befindet sich ein 5 Volt Ausgang, belastbar bis ca. 300mA. Hier k\u00f6nnen beispielsweise Magnetsensoren mit Strom versorgt werden, was wiederum Kabelverlegung sparen kann. Aber auch andere Anwendungen sind denkbar.<\/p>\n<p>Hinter dem 5V Anschluss befindet sich eine L\u00f6tbr\u00fccke. Sobald diese geschlossen ist, wird ein Boot-Loader Programm initialisiert, so dass an Pin 2 und 3 ein serielles Kabel zwecks \u00dcbertragung einer neuen Programmversion angeschlossen werden kann.<\/p>\n<p><a href=\"https:\/\/i0.wp.com\/sbdekoder.de\/wp-content\/uploads\/2017\/03\/jumper.png\"><img data-recalc-dims=\"1\" loading=\"lazy\" decoding=\"async\" class=\"size-full wp-image-375 alignleft\" src=\"https:\/\/i0.wp.com\/sbdekoder.de\/wp-content\/uploads\/2017\/03\/jumper.png?resize=103%2C166\" alt=\"\" width=\"103\" height=\"166\" \/><\/a>Jeder Anschlussreihe ist eine Gruppe von L\u00f6tpads zugeordnet. Diese dienen zur Konfiguration der Detektionsmethode. Werden die oberen beiden, etwas abgesetzten Pads verbunden, wird ein gemeinsamer Leiter am Optokoppler geschaltet, um so wie beim Melder 16 \u00fcber eine Diodenkaskade Stromfluss zu erfassen.<\/p>\n<p>Werden die beiden darunter liegenden Paare jeweils verbunden, f\u00fchrt der gemeinsame Leiter GND und +5V liegt auf dem Optokoppler, so dass mit einem Reed Kontakt, einem Schaltgleis o.\u00e4. gegen Ground ein Signal ausgel\u00f6st wird. Auch hier ist es m\u00f6glich, jede Gruppe unterschiedlich zu konfigurieren.<\/p>\n<h2>Programmierung<\/h2>\n<p>Der Programmiermodus des Melders wird durch setzen des Jumpers beim Start ausgel\u00f6st. Nun k\u00f6nnen folgende Konfigurationen am Bus durchgef\u00fchrt werden.<\/p>\n\n<table id=\"tablepress-2\" class=\"tablepress tablepress-id-2\">\n<tbody class=\"row-striping row-hover\">\n<tr class=\"row-1\">\n\t<td class=\"column-1\">CV16<br \/>\n(0x10)<\/td><td class=\"column-2\">Adresse<\/td><td class=\"column-3\">Moduladresse, aus der sich zusammen mit dem Meldertyp sp\u00e4ter die Bus-ID zusammensetzt.<br \/>\nWerte: 1 - 254.<br \/>\n0 = Systemmeldung.<br \/>\n255 = Standardaresse (sollte vermieden werden). Standardwert: 255<\/td>\n<\/tr>\n<tr class=\"row-2\">\n\t<td class=\"column-1\">CV 32 <br \/>\n(0x20)<br \/>\n<\/td><td class=\"column-2\">Entprellung<\/td><td class=\"column-3\">Anzahl der Auslesevorg\u00e4nge, bevor die Eingangszust\u00e4nde bearbeitet werden. Hilfreich, wenn man mechanische Schalter verwendet, die ein Melderflackern ausl\u00f6sen k\u00f6nnten. Jeder Auslesevorgang hat ein delay von 5 ms.<br \/>\nWerte: 1-128 Standardwert: 3<\/td>\n<\/tr>\n<tr class=\"row-3\">\n\t<td class=\"column-1\">CV 33 <br \/>\n(0x21)<\/td><td class=\"column-2\">Maskierung<\/td><td class=\"column-3\">Maskiert die Eing\u00e4nge 1 - 8 und legt fest, ob diese bei einer Zustands\u00e4nderung eine \u00dcbertragung auf den Bus ausl\u00f6sen k\u00f6nnen. Die Eing\u00e4nge werden ansonsten nur \u00fcbertragen, wenn ein nicht maskierter Eingang ge\u00e4ndert wird.<br \/>\nWerte: 0 \u2013 255 (Bitweise progremmierbar)<br \/>\nStandard: 255 (alle werden gesendet)<\/td>\n<\/tr>\n<tr class=\"row-4\">\n\t<td class=\"column-1\">CV 34 <br \/>\n(0x22)<\/td><td class=\"column-2\">Maskierung<\/td><td class=\"column-3\">Wie CV 33, jedoch f\u00fcr Ports 9 - 16<\/td>\n<\/tr>\n<tr class=\"row-5\">\n\t<td class=\"column-1\">CV35<br \/>\n(0x23)<\/td><td class=\"column-2\">Maskierung<\/td><td class=\"column-3\">Wie CV 33, jedoch f\u00fcr Ports 17-24<\/td>\n<\/tr>\n<tr class=\"row-6\">\n\t<td class=\"column-1\">CV 37 <br \/>\n(0x25)<\/td><td class=\"column-2\">Datenformat<\/td><td class=\"column-3\">0: Portweise \u00dcbertragung mit 11 bit ID (Standard und richtige Option) 1: Portweise mit 29 Bit ID (CAN 2)(In Zukunft richtig)<br \/>\n3: Zimo-Datenformat (nicht getestet, nur teilweise kompatibel)<br \/>\n4: Universal-CAN (ALPHA-Status)<br \/>\n5: LIN-Bus (Zur Zeit noch mit langen Verz\u00f6gerungen behaftet)<\/td>\n<\/tr>\n<tr class=\"row-7\">\n\t<td class=\"column-1\">CV 255 <br \/>\n(0xFF)<\/td><td class=\"column-2\">Ende<\/td><td class=\"column-3\">Beendet den Programmiermodus und schreibt die neuen Konfigurationen in den Speicher. Danach Jumper ziehen und Modul neu starten. Befehl wird von Programmiersoftware ausgel\u00f6st, wenn man \"Abschlie\u00dfen\" best\u00e4tigt.<\/td>\n<\/tr>\n<\/tbody>\n<\/table>\n<!-- #tablepress-2 from cache -->\n<h2>Versionshistory<\/h2>\n<ul>\n<li>1.0 (Jan.2017) &#8211; erste Platinenversion<\/li>\n<\/ul>\n","protected":false},"excerpt":{"rendered":"<p>Um einmal einen alten Running Gag wieder zu bem\u00fchen: Der sicherlich sch\u00f6nste R\u00fcckmelder, den wir je hatten, phantomschwarz und geheimnisvoll! Aber in diesem Fall ist es nicht allein so, dass 24 besser als 16 ist, es gibt ein paar subtile Unterscheidungsmerkmale zum Melder 16. Doch zun\u00e4chst die Gemeinsamkeit: Gleich ist bei beiden Modulen die Zusammenfassung [&hellip;]<\/p>\n","protected":false},"author":1,"featured_media":0,"parent":0,"menu_order":0,"comment_status":"closed","ping_status":"closed","template":"","meta":{"jetpack_post_was_ever_published":false,"footnotes":""},"class_list":["post-374","page","type-page","status-publish","hentry"],"jetpack_sharing_enabled":true,"jetpack_shortlink":"https:\/\/wp.me\/P8oh8H-62","_links":{"self":[{"href":"https:\/\/sbdekoder.de\/index.php?rest_route=\/wp\/v2\/pages\/374","targetHints":{"allow":["GET"]}}],"collection":[{"href":"https:\/\/sbdekoder.de\/index.php?rest_route=\/wp\/v2\/pages"}],"about":[{"href":"https:\/\/sbdekoder.de\/index.php?rest_route=\/wp\/v2\/types\/page"}],"author":[{"embeddable":true,"href":"https:\/\/sbdekoder.de\/index.php?rest_route=\/wp\/v2\/users\/1"}],"replies":[{"embeddable":true,"href":"https:\/\/sbdekoder.de\/index.php?rest_route=%2Fwp%2Fv2%2Fcomments&post=374"}],"version-history":[{"count":2,"href":"https:\/\/sbdekoder.de\/index.php?rest_route=\/wp\/v2\/pages\/374\/revisions"}],"predecessor-version":[{"id":382,"href":"https:\/\/sbdekoder.de\/index.php?rest_route=\/wp\/v2\/pages\/374\/revisions\/382"}],"wp:attachment":[{"href":"https:\/\/sbdekoder.de\/index.php?rest_route=%2Fwp%2Fv2%2Fmedia&parent=374"}],"curies":[{"name":"wp","href":"https:\/\/api.w.org\/{rel}","templated":true}]}}