{"id":357,"date":"2017-03-06T12:32:12","date_gmt":"2017-03-06T11:32:12","guid":{"rendered":"http:\/\/sbdekoder.de\/?page_id=357"},"modified":"2017-03-18T17:57:25","modified_gmt":"2017-03-18T16:57:25","slug":"spasscan-anleitung","status":"publish","type":"page","link":"https:\/\/sbdekoder.de\/?page_id=357","title":{"rendered":"Spa\u00dfCAN &#8211; Anleitung"},"content":{"rendered":"<p>Die vollst\u00e4ndige Bedienungsanleitung kann zum Einrahmen auch hier heruntergeladen werden.<\/p>\n<h5><i class=\"wp-svg-cloud-download cloud-download\"><\/i>\u00a0<i class=\"wp-svg-file-3 file-3\"><\/i>\u00a0<a href=\"http:\/\/sbdekoder.de\/wp-content\/uploads\/2017\/03\/Das-SpassCAN-System.pdf\">Spa\u00dfCAN\u00a0Komplettanleitung<\/a><\/h5>\n<p>&nbsp;<\/p>\n<p><a href=\"https:\/\/i0.wp.com\/sbdekoder.de\/wp-content\/uploads\/2016\/09\/Spa%C3%9FCAN-logo-2-wei%C3%9F-e1474826291977.png\"><img data-recalc-dims=\"1\" loading=\"lazy\" decoding=\"async\" class=\" wp-image-184 alignright\" src=\"https:\/\/i0.wp.com\/sbdekoder.de\/wp-content\/uploads\/2016\/09\/Spa%C3%9FCAN-logo-2-wei%C3%9F-e1474826291977.png?resize=251%2C251\" alt=\"\" width=\"251\" height=\"251\" srcset=\"https:\/\/i0.wp.com\/sbdekoder.de\/wp-content\/uploads\/2016\/09\/Spa%C3%9FCAN-logo-2-wei%C3%9F-e1474826291977.png?w=500&amp;ssl=1 500w, https:\/\/i0.wp.com\/sbdekoder.de\/wp-content\/uploads\/2016\/09\/Spa%C3%9FCAN-logo-2-wei%C3%9F-e1474826291977.png?resize=150%2C150&amp;ssl=1 150w, https:\/\/i0.wp.com\/sbdekoder.de\/wp-content\/uploads\/2016\/09\/Spa%C3%9FCAN-logo-2-wei%C3%9F-e1474826291977.png?resize=300%2C300&amp;ssl=1 300w\" sizes=\"auto, (max-width: 251px) 100vw, 251px\" \/><\/a>Liebe Freundinnen, liebe Freunde der gepflegten Modellbahnerei,<\/p>\n<p>im Folgenden m\u00f6chten wir Euch unser SpassCAN &#8211; System zur \u00dcberwachung\u00a0 jeglicher Sensorik auf Modellbahnanlagen\u00a0 vorstellen. Da wir und das namengebende Spassbahnforum aus dem Gro\u00dfbahn-\/Gartenbahnbereich kommen, bezieht sich alles hier Gesagte auch auf die gro\u00dfe Spur, dennoch ist das System, eventuell mit Modifizierungen, nat\u00fcrlich auch in anderen Spurweiten einsetzbar.<\/p>\n<p>Insgesamt handelt es sich um ein Open Source Projekt, das hier der \u00d6ffentlichkeit preisgegeben wird, will sagen: Ihr baut und setzt alle Module, Software wie Hard-ware, auf eigene Gefahr ein. Sollte sich also Eure gesamte Anlage bei Einsatz unserer Module in ein blaues W\u00f6lkchen aus Qualm und Atomstrom aufl\u00f6sen, dann macht uns bitte nicht daf\u00fcr verantwortlich! Alles, was wir hier vorstellen, funktioniert auf unserer Anlage; das bedeutet aber nicht, dass es fehlerfrei auch bei Euch funktioniert muss (, obwohl wir nat\u00fcrlich schon davon ausgehen).<\/p>\n<p>&nbsp;<\/p>\n<ol>\n<li>\n<h4><strong>Wer braucht das SpassCAN-System?<\/strong><\/h4>\n<\/li>\n<\/ol>\n<p>Um es gleich vorweg zu sagen: Dies ist nichts f\u00fcr Analogfahrer und nichts f\u00fcr Modellbahner, die noch nie mit einer gewissen Automatisierung Ihrer Anlage gelieb\u00e4ugelt haben.<\/p>\n<p>Wer jedoch bereits mit Steuerungsprogrammen wie RocRail, Traincontroller, Railware o.\u00e4. experimentiert hat, der wei\u00df, dass der steuernde Computer, da blind und unwissend, \u00fcber die Situation auf der Anlage per R\u00fcckmeldung von besetzten Gleisen auf dem Laufenden gehalten werden muss. Da kommt das SpassCAN-System ins Spiel, nur SpassCAN kann noch wesentlich mehr &#8230;<\/p>\n<ul>\n<li><strong>Warum CAN und nicht vorhandene R\u00fcckmeldesysteme?<\/strong><\/li>\n<\/ul>\n<p>Die R\u00fcckmeldung der Gleiszust\u00e4nde erfolgt heute auf den meisten Anlagen unter Einsatz des S88 Busses, bzw. \u00fcber Littfinskis HSI, welches aber auch nur eine Zusammenf\u00fchrung von bis zu drei S88 Str\u00e4ngen ist.<\/p>\n<p>Worin liegen aber die Vorteile des CAN-Busses?<\/p>\n<ul>\n<li>die Busl\u00e4nge btr\u00e4gt bis zu 500m, das sind Strecken, die auch im Gartenbahn-bereich schwerlich zu erreichen sind<\/li>\n<li>hohe Busgeschwindigkeit, in der langsamsten Ausf\u00fchrung, die wir verwenden, da sie die gr\u00f6\u00dfte Leitungsl\u00e4nge erlaubt, 128Kb\/Sec, was ein Vielfaches der S88 Geschwindigkeit ist<\/li>\n<li>geringe Fehleranf\u00e4lligkeit, zum einen durch die Hardware, zum zweiten durch das verwendete Protokoll und zum dritten durch die Bidirektionalit\u00e4t, d.h. an-geschlossene Module und die Zentrale vergewissern sich, ob ihre \u00a0\u00a0\u00a0\u00a0\u00a0 Nachrichten angekommen sind und richtig verstanden wurden. So werden \u00dcbertragungs-fehler weitgehend vermieden<\/li>\n<li>universell einzusetzen; der SpassCAN-Bus kann nicht nur zur Gleisr\u00fcck-meldung genutzt werden, sondern auch f\u00fcr jede andere denkbare Sensorik. Wir haben bereits einen RFID-Leser und Helligkeitssensoren integriert und denken \u00fcber viele andere Anwendungsm\u00f6glichkeiten nach. Sollte jemand noch z\u00fcndende Ideen haben, immer raus damit, m\u00f6glich ist (fast) alles &#8230;<\/li>\n<li>die Bauteile sind preiswert; denn da es sich um einen in der Industrie, vor allem im Automobilbau, durchgesetzten Standard handelt, sind die Komponenten reichlich vorhanden und preiswert zu erwerben<\/li>\n<\/ul>\n<ul>\n<li><strong>Und was ist der CAN-Bus \u00fcberhaupt?<\/strong><\/li>\n<\/ul>\n<p>Wer es gern technisch mag, den verweise ich zu dieser Frage auf Wikipedia, f\u00fcr uns Ottonormalbahner reicht es zu wissen, dass der CAN-Bus aus einer Zentrale und vielen Modulen besteht, die alle hintereinander an einem Kabel h\u00e4ngen. An beiden Enden wird das Kabel mit einem Abschlusswiderstand begrenzt. Auf besagtem Kabel melden die Module nun also ihre Erkenntnisse an die Zentrale. Z.B. wenn ein Gleisabschnitt besetzt wurde, eine bestimmte Lok einen bestimmten Punkt passiert oder die Lichtverh\u00e4ltnisse langsam das Einschalten der Wagenbeleuchtung erforderlich machen. Weil wir es hier mit einem &#8222;Multimaster&#8220;-Bus zu tun haben, werden die Module nicht von der Zentrale abgefragt, sondern jedes meldet selbst\u00e4ndig jede \u00c4nderung seines Zustands. Da nun aber den Modulen je nach Wichtigkeit eine unterschiedliche Priorit\u00e4t zugeteilt wird, die Wagenbeleuchtung ist nicht so wichtig wie die Verhinderung eines Zusammensto\u00dfes, werden die Ereignisse in der Reihenfolge ihrer Wichtigkeit von der Zentrale abgearbeitet.<\/p>\n<ul>\n<li><strong>Was braucht man f\u00fcr den Einsatz auf der Modellbahn?<\/strong><\/li>\n<\/ul>\n<p>Zun\u00e4chst braucht man nat\u00fcrlich einen Computer mit einem Steuerungsprogramm wie zum Beispiel RocRail. Auch andere Steuerungsprogramme wie Railware, Train Controller etc. funktionieren, wenn man den SpassCan mit der HSI Emulation betreibt. Dies macht allerdings nur den halben Spa\u00df, da das System dann eben nur zur Gleisbesetztmeldung genutzt werden kann. Zur vollen Ausnutzung aller M\u00f6glichkeiten muss n\u00e4mlich das RASCII Protokoll unterst\u00fctzt werden, und das kann (logischerweise) bis jetzt nur RocRail, aber vielleicht werden ja noch ein paar andere &#8222;Softwareriesen&#8220; folgen.<\/p>\n<p>Wenn der Computer l\u00e4uft, ben\u00f6tigen wir ein Interface, d.h. einen Dolmetscher zwischen dem CAN-Bus und dem Steuerungscomputer, kurz eine weitere Platine, bei uns ein Arduino-Nano, der f\u00fcr ein paar Euro (maximal zehn) bei den bekannten Quellen zu erstehen ist. Die \u00fcbrige Funktionalit\u00e4t erbringt die Interface-Platine. Das Programm dazu gibt es bei uns, gratis, die Gew\u00e4hrleistung dazu nirgends, siehe die Einleitung oben, aber gemeinsam kriegen wir das Ding schon zum Laufen! Um das ganze Konstrukt mit Strom zu versorgen, ist noch ein beliebiges Netzteil\/Trafo zwischen 12 und 18 V DC oder AC erforderlich.<\/p>\n<p>Alle \u00fcbrigen Busteilnehmer, sprich: Module, werden nach Wunsch und Bedarf erg\u00e4nzt. Zur Zeit gibt es Gleisbesetztmelder f\u00fcr 16 bzw. 24 Meldeabschnitte, RFID-Melder und S88\/CAN Adapter. Allen ist gemeinsam, dass man bei Ihnen selbst Hand anlegen muss, denn es gibt sie nur als Bausatz. Somit hei\u00dft es den L\u00f6tkolben anheizen und los geht es mit dem fr\u00f6hlichen Modulebraten, selbstverst\u00e4ndlich gem\u00e4\u00df der Bau- und L\u00f6tanleitungen.<\/p>\n<ul>\n<li><strong>Welche Kabel m\u00fcssen auf der Anlage zus\u00e4tzlich verlegt werden?<\/strong><\/li>\n<\/ul>\n<p>Diese Frage ist mit einem eindeutigen &#8222;kommt drauf an&#8220; zu beantworten. Klar, man braucht das Kabel f\u00fcr den CAN-Bus. Beginnend beim ersten Modul, in der Regel dem Interface (muss aber nicht!) und endend beim letzten Modul. Merke: Vom Hauptkabel abzweigende Stichstrecken\u00a0 sind nicht erlaubt! Au\u00dferdem muss nat\u00fcrlich von den Modulen aus eine Verkabelung je nach Art und Zweck erfolgen. In jedem Fall muss der Verlauf der Verkabelung sorgf\u00e4ltig geplant werden, nachtr\u00e4gliche \u00c4nderungen sind zwar jederzeit m\u00f6glich, doch gerade im Garten auch mit einem erheblichen Aufwand verbunden, &#8222;drum pr\u00fcfe, was Du auf ewig verbindest!&#8220;<\/p>\n<p>Wie bereits weiter oben erw\u00e4hnt, sind an beiden Enden des Buskabels Terminierungswiderst\u00e4nde vorzusehen. Beginnt der Strang mit dem Interface, ist auf dieser Seite nichts weiter zu tun, denn auf der Platine sind die entsprechen-den Widerst\u00e4nde bereits vorhanden. Wenn man diese jedoch br\u00fcckt, kann das Interface auch an beliebiger Stelle im Strang eingebunden werden.<\/p>\n<p><a href=\"https:\/\/i0.wp.com\/sbdekoder.de\/wp-content\/uploads\/2017\/03\/CANbusarchitektur.jpg\"><img data-recalc-dims=\"1\" loading=\"lazy\" decoding=\"async\" class=\"alignnone size-full wp-image-363\" src=\"https:\/\/i0.wp.com\/sbdekoder.de\/wp-content\/uploads\/2017\/03\/CANbusarchitektur.jpg?resize=453%2C151\" alt=\"\" width=\"453\" height=\"151\" srcset=\"https:\/\/i0.wp.com\/sbdekoder.de\/wp-content\/uploads\/2017\/03\/CANbusarchitektur.jpg?w=453&amp;ssl=1 453w, https:\/\/i0.wp.com\/sbdekoder.de\/wp-content\/uploads\/2017\/03\/CANbusarchitektur.jpg?resize=300%2C100&amp;ssl=1 300w\" sizes=\"auto, (max-width: 453px) 100vw, 453px\" \/><\/a><\/p>\n<h4><strong>2. Die Busmodule:<\/strong><\/h4>\n<p><a href=\"http:\/\/sbdekoder.de\/?p=113\" target=\"_blank\">Spa\u00dfCAN &#8211; Interface<\/a><\/p>\n<p><a href=\"http:\/\/sbdekoder.de\/?page_id=180\" target=\"_blank\">Spa\u00dfCAN &#8211; Melder16<\/a><\/p>\n<p><a href=\"http:\/\/sbdekoder.de\/?page_id=374\" target=\"_blank\">Spa\u00dfCAN &#8211; Melder24<\/a><\/p>\n<p>Spa\u00dfCAN &#8211; S88<\/p>\n<p>Spa\u00dfCAN &#8211; RFID<\/p>\n<p>&nbsp;<\/p>\n<h4>3.\u00a0<strong>Programmierung (Spa\u00dfCAN Basic)<\/strong><\/h4>\n<p>Die Programmierung der Busmodule geschieht \u00fcber ein angeschlossenes Interface mit dem Tool \u201aSpa\u00dfCAN Basic\u2019. Das Programm kann hier\u00a0heruntergeladen werden.<\/p>\n<p><a href=\"http:\/\/sbdekoder.de\/?page_id=336\" target=\"_blank\">Spa\u00dfCAN &#8211; Basic<\/a><\/p>\n<p>&nbsp;<\/p>\n<h4><strong>4. R\u00fcckmeldeschaltungen<\/strong><\/h4>\n<p>Eigentlich sind der Fantasie kaum Grenzen gesetzt. Ziel des Anschlusses der Spa\u00dfCAN Melder sollte immer sein, dass die LED im Optokoppler leuchtet (sieht man nicht). Au\u00dferdem sollte die LED auch nicht kaputt gehen, weshalb man einen Widerstand vorsehen sollte.<\/p>\n<p>&nbsp;<\/p>\n<ul>\n<li><strong>Die Diode<\/strong><\/li>\n<\/ul>\n<p>Ganz klassisch, kann man die Belegung seiner Gleise \u00fcber den Stromverbrauch der Z\u00fcge messen. Hierzu werden in jede Polarit\u00e4tsrichtung je zwei Dioden zusammengeschaltet:<\/p>\n<p>&nbsp;<\/p>\n<p><a href=\"https:\/\/i0.wp.com\/sbdekoder.de\/wp-content\/uploads\/2017\/03\/diodenschaltung.png\"><img data-recalc-dims=\"1\" loading=\"lazy\" decoding=\"async\" class=\"alignnone wp-image-364\" src=\"https:\/\/i0.wp.com\/sbdekoder.de\/wp-content\/uploads\/2017\/03\/diodenschaltung.png?resize=273%2C116\" alt=\"\" width=\"273\" height=\"116\" srcset=\"https:\/\/i0.wp.com\/sbdekoder.de\/wp-content\/uploads\/2017\/03\/diodenschaltung.png?w=431&amp;ssl=1 431w, https:\/\/i0.wp.com\/sbdekoder.de\/wp-content\/uploads\/2017\/03\/diodenschaltung.png?resize=300%2C127&amp;ssl=1 300w\" sizes=\"auto, (max-width: 273px) 100vw, 273px\" \/><\/a><\/p>\n<p>Bauartbedingt f\u00e4llt je nach angelegtem Strom an der Diode eine gewisse Spannung ab, die dann durch die LED flie\u00dft und sie zum leuchten bringt. Da die abfallende Spannung an einer Diode typischerweise bei 0,7V liegt, ben\u00f6tigt man zwei in serie, um die LED zu betreiben. Aus diesem Konzept ist eine handliche Platine entstanden, die Dioden mit bis zu 6 Ampere Dauerstromfestigkeit aufnehmen k\u00f6nnen.<\/p>\n<p><a href=\"https:\/\/i0.wp.com\/sbdekoder.de\/wp-content\/uploads\/2017\/03\/diodenplatine.png\"><img data-recalc-dims=\"1\" loading=\"lazy\" decoding=\"async\" class=\"alignnone size-full wp-image-365\" src=\"https:\/\/i0.wp.com\/sbdekoder.de\/wp-content\/uploads\/2017\/03\/diodenplatine.png?resize=524%2C311\" alt=\"\" width=\"524\" height=\"311\" srcset=\"https:\/\/i0.wp.com\/sbdekoder.de\/wp-content\/uploads\/2017\/03\/diodenplatine.png?w=524&amp;ssl=1 524w, https:\/\/i0.wp.com\/sbdekoder.de\/wp-content\/uploads\/2017\/03\/diodenplatine.png?resize=300%2C178&amp;ssl=1 300w\" sizes=\"auto, (max-width: 524px) 100vw, 524px\" \/><\/a><\/p>\n<p>Je nach Melder ist ein Widerstand zwischen 60Ohm und 100 Ohm bereits auf der Melderplatine verbaut. Daher kann man einfach frei drauflosverkabeln. Wie auch die Melder, sind die Dioden zu vier Ausg\u00e4ngen zusammengeschlossen, mit einer gemeinsamen Zuleitung.<\/p>\n<h4><strong>5. RocRail<\/strong><\/h4>\n<p>Als Steuerungssoftware kann derzeitig f\u00fcr den vollen Funktionsumfang ausschlie\u00dflich RocRail genutzt werden.<\/p>\n<p>&nbsp;<\/p>\n<ul>\n<li><strong>Rocrail Spa\u00dfCAN-Einrichtung<\/strong><\/li>\n<\/ul>\n<p>Das Spa\u00dfCAN Interface wird in RocRail als zus\u00e4tzliche Zentrale in den RocRail-Eigenschaften eingerichtet. Hierf\u00fcr muss der entsprechende Schnittstellentreiber installiert sein.<\/p>\n<p>Datei -&gt; RocRail Eigenschaften<\/p>\n<p>Tab: Zentrale<\/p>\n<p><a href=\"https:\/\/i0.wp.com\/sbdekoder.de\/wp-content\/uploads\/2017\/03\/Bildschirmfoto-2017-03-06-um-11.40.59.png\"><img data-recalc-dims=\"1\" loading=\"lazy\" decoding=\"async\" class=\"alignnone size-large wp-image-366\" src=\"https:\/\/i0.wp.com\/sbdekoder.de\/wp-content\/uploads\/2017\/03\/Bildschirmfoto-2017-03-06-um-11.40.59-1024x506.png?resize=780%2C385\" alt=\"\" width=\"780\" height=\"385\" srcset=\"https:\/\/i0.wp.com\/sbdekoder.de\/wp-content\/uploads\/2017\/03\/Bildschirmfoto-2017-03-06-um-11.40.59.png?resize=1024%2C506&amp;ssl=1 1024w, https:\/\/i0.wp.com\/sbdekoder.de\/wp-content\/uploads\/2017\/03\/Bildschirmfoto-2017-03-06-um-11.40.59.png?resize=300%2C148&amp;ssl=1 300w, https:\/\/i0.wp.com\/sbdekoder.de\/wp-content\/uploads\/2017\/03\/Bildschirmfoto-2017-03-06-um-11.40.59.png?resize=768%2C379&amp;ssl=1 768w, https:\/\/i0.wp.com\/sbdekoder.de\/wp-content\/uploads\/2017\/03\/Bildschirmfoto-2017-03-06-um-11.40.59.png?w=1275&amp;ssl=1 1275w\" sizes=\"auto, (max-width: 780px) 100vw, 780px\" \/><\/a><\/p>\n<p>Neue Zentrale vom Typ \u201arascii\u2019 hinzuf\u00fcgen<\/p>\n<p><a href=\"https:\/\/i0.wp.com\/sbdekoder.de\/wp-content\/uploads\/2017\/03\/Bildschirmfoto-2017-03-06-um-11.44.13.png\"><img data-recalc-dims=\"1\" loading=\"lazy\" decoding=\"async\" class=\"alignnone size-full wp-image-367\" src=\"https:\/\/i0.wp.com\/sbdekoder.de\/wp-content\/uploads\/2017\/03\/Bildschirmfoto-2017-03-06-um-11.44.13.png?resize=687%2C541\" alt=\"\" width=\"687\" height=\"541\" srcset=\"https:\/\/i0.wp.com\/sbdekoder.de\/wp-content\/uploads\/2017\/03\/Bildschirmfoto-2017-03-06-um-11.44.13.png?w=687&amp;ssl=1 687w, https:\/\/i0.wp.com\/sbdekoder.de\/wp-content\/uploads\/2017\/03\/Bildschirmfoto-2017-03-06-um-11.44.13.png?resize=300%2C236&amp;ssl=1 300w\" sizes=\"auto, (max-width: 687px) 100vw, 687px\" \/><\/a><\/p>\n<p>In den Eigenschaften der neuen Zentrale den korekten Port des Interfaces ausw\u00e4hlen (bei Windows ein COM-Port) und Baudrate auf 9600bd sowie Hardwarehandshakes auf \u201anone\u2019 stellen.<\/p>\n<p>Best\u00e4tigen mit \u201aOK\u2019 und im Anschluss\u00a0RocView und RocRail Server neu starten.<\/p>\n<p>&nbsp;<\/p>\n<ul>\n<li><strong>RocRail: R\u00fcckmelder einrichten<\/strong><\/li>\n<\/ul>\n<p>Derzeitig werden die R\u00fcckmelderadressen in zwei byte-L\u00e4nge gemeldet. Hierbei entspricht die Portnummer dem unteren Byte und die Moduladresse dem oberen Byte.<\/p>\n<p>Wird ein R\u00fcckmeldeereignis ausgel\u00f6st, wird in Rocrail die Bytefolge: 05 MM PP SS in hexadezimal ausgegeben. MM: Moduladresse (\u00fcber CV16 zu festzulegen). PP: Portnummer (Anschluss am R\u00fcckmelder) SS: Status (00 oder 01)<\/p>\n<p>In den Einstellungen eines R\u00fcckmeldekontaktes in Rocrail wird unter dem Tab \u201aSchnittstelle\u2019 nun die Adresse des Ports aus den Werten MMPP eingetragen. Hier allerdings in dezimalschreibweise.<\/p>\n<p><em>Hilfe: Rechner-App (Darstellung: Programmierer) Umrechnen zwischen Hex und Dez<\/em><\/p>\n<p><img data-recalc-dims=\"1\" loading=\"lazy\" decoding=\"async\" class=\"alignnone wp-image-368\" src=\"https:\/\/i0.wp.com\/sbdekoder.de\/wp-content\/uploads\/2017\/03\/Bildschirmfoto-2017-03-06-um-12.09.19.png?resize=309%2C151\" alt=\"\" width=\"309\" height=\"151\" srcset=\"https:\/\/i0.wp.com\/sbdekoder.de\/wp-content\/uploads\/2017\/03\/Bildschirmfoto-2017-03-06-um-12.09.19.png?w=401&amp;ssl=1 401w, https:\/\/i0.wp.com\/sbdekoder.de\/wp-content\/uploads\/2017\/03\/Bildschirmfoto-2017-03-06-um-12.09.19.png?resize=300%2C147&amp;ssl=1 300w\" sizes=\"auto, (max-width: 309px) 100vw, 309px\" \/><a href=\"https:\/\/i0.wp.com\/sbdekoder.de\/wp-content\/uploads\/2017\/03\/Bildschirmfoto-2017-03-06-um-12.09.33.png\"><img data-recalc-dims=\"1\" loading=\"lazy\" decoding=\"async\" class=\"alignnone wp-image-369\" src=\"https:\/\/i0.wp.com\/sbdekoder.de\/wp-content\/uploads\/2017\/03\/Bildschirmfoto-2017-03-06-um-12.09.33.png?resize=309%2C150\" alt=\"\" width=\"309\" height=\"150\" srcset=\"https:\/\/i0.wp.com\/sbdekoder.de\/wp-content\/uploads\/2017\/03\/Bildschirmfoto-2017-03-06-um-12.09.33.png?w=402&amp;ssl=1 402w, https:\/\/i0.wp.com\/sbdekoder.de\/wp-content\/uploads\/2017\/03\/Bildschirmfoto-2017-03-06-um-12.09.33.png?resize=300%2C146&amp;ssl=1 300w\" sizes=\"auto, (max-width: 309px) 100vw, 309px\" \/><\/a><\/p>\n<p>Beispiel: Moduladresse: 17 (0x11). Portnummer: 5 (0x05) \u2013 R\u00fcckmelderadresse: 4357<\/p>\n<p><a href=\"https:\/\/i0.wp.com\/sbdekoder.de\/wp-content\/uploads\/2017\/03\/Bildschirmfoto-2017-03-06-um-12.16.13.png\"><img data-recalc-dims=\"1\" loading=\"lazy\" decoding=\"async\" class=\"alignnone size-full wp-image-370\" src=\"https:\/\/i0.wp.com\/sbdekoder.de\/wp-content\/uploads\/2017\/03\/Bildschirmfoto-2017-03-06-um-12.16.13.png?resize=701%2C542\" alt=\"\" width=\"701\" height=\"542\" srcset=\"https:\/\/i0.wp.com\/sbdekoder.de\/wp-content\/uploads\/2017\/03\/Bildschirmfoto-2017-03-06-um-12.16.13.png?w=701&amp;ssl=1 701w, https:\/\/i0.wp.com\/sbdekoder.de\/wp-content\/uploads\/2017\/03\/Bildschirmfoto-2017-03-06-um-12.16.13.png?resize=300%2C232&amp;ssl=1 300w\" sizes=\"auto, (max-width: 701px) 100vw, 701px\" \/><\/a><\/p>\n<p>Die Schnittstellenkennung wird auf die zuvor eingerichtete rascii-Zentrale eingestellt und der R\u00fcckmeldekontakt als Sensor bzw. RFID konfiguriert.<\/p>\n<p>zur \u00fcbersichtlicheren Umrechnung der Portadressen, wurde mir von Hans-Joachim Lemke ein Excelsheet zur Verf\u00fcgung gestellt, mit dessen Hilfe die Einrichtung in RocRail nochmals etwas schneller von der Hand geht.<\/p>\n<h5><i class=\"wp-svg-cloud-download cloud-download\"><\/i>\u00a0<i class=\"wp-svg-file-excel file-excel\"><\/i> <a href=\"http:\/\/sbdekoder.de\/wp-content\/uploads\/2017\/03\/SpassCan-Melder-16-Vers-1.1.xlsx\">Portadressvorschau<\/a><\/h5>\n","protected":false},"excerpt":{"rendered":"<p>Die vollst\u00e4ndige Bedienungsanleitung kann zum Einrahmen auch hier heruntergeladen werden. \u00a0\u00a0Spa\u00dfCAN\u00a0Komplettanleitung &nbsp; Liebe Freundinnen, liebe Freunde der gepflegten Modellbahnerei, im Folgenden m\u00f6chten wir Euch unser SpassCAN &#8211; System zur \u00dcberwachung\u00a0 jeglicher Sensorik auf Modellbahnanlagen\u00a0 vorstellen. Da wir und das namengebende Spassbahnforum aus dem Gro\u00dfbahn-\/Gartenbahnbereich kommen, bezieht sich alles hier Gesagte auch auf die gro\u00dfe Spur, [&hellip;]<\/p>\n","protected":false},"author":1,"featured_media":0,"parent":0,"menu_order":0,"comment_status":"closed","ping_status":"closed","template":"","meta":{"jetpack_post_was_ever_published":false,"footnotes":""},"class_list":["post-357","page","type-page","status-publish","hentry"],"jetpack_sharing_enabled":true,"jetpack_shortlink":"https:\/\/wp.me\/P8oh8H-5L","_links":{"self":[{"href":"https:\/\/sbdekoder.de\/index.php?rest_route=\/wp\/v2\/pages\/357","targetHints":{"allow":["GET"]}}],"collection":[{"href":"https:\/\/sbdekoder.de\/index.php?rest_route=\/wp\/v2\/pages"}],"about":[{"href":"https:\/\/sbdekoder.de\/index.php?rest_route=\/wp\/v2\/types\/page"}],"author":[{"embeddable":true,"href":"https:\/\/sbdekoder.de\/index.php?rest_route=\/wp\/v2\/users\/1"}],"replies":[{"embeddable":true,"href":"https:\/\/sbdekoder.de\/index.php?rest_route=%2Fwp%2Fv2%2Fcomments&post=357"}],"version-history":[{"count":5,"href":"https:\/\/sbdekoder.de\/index.php?rest_route=\/wp\/v2\/pages\/357\/revisions"}],"predecessor-version":[{"id":387,"href":"https:\/\/sbdekoder.de\/index.php?rest_route=\/wp\/v2\/pages\/357\/revisions\/387"}],"wp:attachment":[{"href":"https:\/\/sbdekoder.de\/index.php?rest_route=%2Fwp%2Fv2%2Fmedia&parent=357"}],"curies":[{"name":"wp","href":"https:\/\/api.w.org\/{rel}","templated":true}]}}