{"id":24,"date":"2015-10-03T12:27:23","date_gmt":"2015-10-03T10:27:23","guid":{"rendered":"http:\/\/www.fenstermoeblierung.de\/wordpress\/sbdekoder\/?page_id=24"},"modified":"2017-02-11T10:51:51","modified_gmt":"2017-02-11T09:51:51","slug":"doppelweichendekoder","status":"publish","type":"page","link":"https:\/\/sbdekoder.de\/?page_id=24","title":{"rendered":"Doppelweichendekoder"},"content":{"rendered":"<h3><a href=\"https:\/\/i0.wp.com\/www.sbdekoder.de\/wp-content\/uploads\/2015\/10\/2fachweichendekoder.jpg\"><img data-recalc-dims=\"1\" loading=\"lazy\" decoding=\"async\" class=\"alignnone size-full wp-image-122\" src=\"https:\/\/i0.wp.com\/www.sbdekoder.de\/wp-content\/uploads\/2015\/10\/2fachweichendekoder.jpg?resize=512%2C384\" alt=\"2fachweichendekoder\" width=\"512\" height=\"384\" srcset=\"https:\/\/i0.wp.com\/sbdekoder.de\/wp-content\/uploads\/2015\/10\/2fachweichendekoder.jpg?w=512&amp;ssl=1 512w, https:\/\/i0.wp.com\/sbdekoder.de\/wp-content\/uploads\/2015\/10\/2fachweichendekoder.jpg?resize=300%2C225&amp;ssl=1 300w\" sizes=\"auto, (max-width: 512px) 100vw, 512px\" \/><\/a><\/h3>\n<h3><em>Einer der wahrscheinlich sch\u00f6nsten Dekoder<\/em><\/h3>\n<p>Doppelt h\u00e4lt oftmals besser. Das wussten schon die alten \u00d6sterreicher und haben bei der Gelegenheit den Doppler-Effekt erfunden, der zum einen die Auswirkung durch\u00a0Stauchung von Schallwellen und zum anderen die Auswirkungen\u00a0von zwei-Liter-Weinflaschen erkl\u00e4rt.\u00a0Auf diesem Prinzip baut der 2fach Weichendekoder auf. Zumindest in Teilen<\/p>\n<h2>Das ist er<\/h2>\n<p>Alle Vorz\u00fcge des gro\u00dfen Bruders, allerdings ohne die klobige Platine und die Massen an Ausg\u00e4ngen. Also praktisch und handlich und dazu noch g\u00fcnstiger. Zwei Weichen kommen ja schon manchmal zusammen. Der <strong>MTS2919<\/strong> Treiberbaustein bleibt also bestehen und dank der ziemlich pfiffigen Platine k\u00f6nnen auch wieder zus\u00e4tzliche Stromeinspeisungen genutzt werden. Hinzu kommt ein wesentlich kleinerer Footprint, der in manchem H\u00e4usschen auch im Au\u00dfenbereich seinen Platz findet.<\/p>\n<p>Als Prozessor kommt wieder ein Pic 12F zum Einsatz (lag sowieso noch in der Grabbelkiste)<\/p>\n<hr \/>\n<blockquote><p>\u00abIch denke, also nerv&#8216; nich&#8217;\u00bb<\/p>\n<p style=\"text-align: right;\">R. \u00a0Descartes<\/p>\n<\/blockquote>\n<hr \/>\n<h2><\/h2>\n<h2>Downloads<\/h2>\n<h5><i class=\"wp-svg-cloud-download cloud-download\"><\/i>\u00a0<a href=\"http:\/\/www.sbdekoder.de\/wp-content\/uploads\/2015\/10\/Dekoder-L\u00f6tanleitung.pdf\" target=\"_blank\">Allgemeine L\u00f6tanleitung\u00a0<\/a><\/h5>\n<p>Immer einen Blick Wert<\/p>\n<h4><i class=\"wp-svg-cloud-download cloud-download\"><\/i><a href=\"http:\/\/www.sbdekoder.de\/wp-content\/uploads\/2016\/04\/2fach-Dekoder-Version-Ende2012-Bauanleitung.pdf\">Bau und Bedienungsanleitung &#8211; 2fach Weichendekoder Late2012\u00a0<\/a><\/h4>\n<p>Kurzweilig und \u00fcberraschend hilfreich.<\/p>\n<h2>Versionshistorie<\/h2>\n<ul>\n<li><em>Jan. 2010:\u00a0<\/em>Erste Hardwareversion mit L293 H-Br\u00fccke<\/li>\n<li><em>M\u00e4r.\u00a02010:\u00a0<\/em>Hardware &#8222;V2&#8220; &#8211; Enable wird nun abgeschaltet, Stromverbrauch gesenkt<em>\u00a0<\/em><\/li>\n<li><em>Jul. 2011<\/em>: neue Hardware mit Microchip Motortreibern<\/li>\n<li><em>Okt. 2012:\u00a0<\/em>erste Serie, neue Software (1.3) mit funktionierendem Programmiermodus<\/li>\n<\/ul>\n","protected":false},"excerpt":{"rendered":"<p>Einer der wahrscheinlich sch\u00f6nsten Dekoder Doppelt h\u00e4lt oftmals besser. Das wussten schon die alten \u00d6sterreicher und haben bei der Gelegenheit den Doppler-Effekt erfunden, der zum einen die Auswirkung durch\u00a0Stauchung von Schallwellen und zum anderen die Auswirkungen\u00a0von zwei-Liter-Weinflaschen erkl\u00e4rt.\u00a0Auf diesem Prinzip baut der 2fach Weichendekoder auf. Zumindest in Teilen Das ist er Alle Vorz\u00fcge des gro\u00dfen [&hellip;]<\/p>\n","protected":false},"author":1,"featured_media":122,"parent":0,"menu_order":0,"comment_status":"closed","ping_status":"closed","template":"","meta":{"jetpack_post_was_ever_published":false,"footnotes":""},"class_list":["post-24","page","type-page","status-publish","has-post-thumbnail","hentry"],"jetpack_sharing_enabled":true,"jetpack_shortlink":"https:\/\/wp.me\/P8oh8H-o","_links":{"self":[{"href":"https:\/\/sbdekoder.de\/index.php?rest_route=\/wp\/v2\/pages\/24","targetHints":{"allow":["GET"]}}],"collection":[{"href":"https:\/\/sbdekoder.de\/index.php?rest_route=\/wp\/v2\/pages"}],"about":[{"href":"https:\/\/sbdekoder.de\/index.php?rest_route=\/wp\/v2\/types\/page"}],"author":[{"embeddable":true,"href":"https:\/\/sbdekoder.de\/index.php?rest_route=\/wp\/v2\/users\/1"}],"replies":[{"embeddable":true,"href":"https:\/\/sbdekoder.de\/index.php?rest_route=%2Fwp%2Fv2%2Fcomments&post=24"}],"version-history":[{"count":0,"href":"https:\/\/sbdekoder.de\/index.php?rest_route=\/wp\/v2\/pages\/24\/revisions"}],"wp:featuredmedia":[{"embeddable":true,"href":"https:\/\/sbdekoder.de\/index.php?rest_route=\/wp\/v2\/media\/122"}],"wp:attachment":[{"href":"https:\/\/sbdekoder.de\/index.php?rest_route=%2Fwp%2Fv2%2Fmedia&parent=24"}],"curies":[{"name":"wp","href":"https:\/\/api.w.org\/{rel}","templated":true}]}}