{"id":22,"date":"2015-10-03T12:27:10","date_gmt":"2015-10-03T10:27:10","guid":{"rendered":"http:\/\/www.fenstermoeblierung.de\/wordpress\/sbdekoder\/?page_id=22"},"modified":"2017-08-12T19:30:38","modified_gmt":"2017-08-12T17:30:38","slug":"einzelweichendekoder","status":"publish","type":"page","link":"https:\/\/sbdekoder.de\/?page_id=22","title":{"rendered":"Einzelweichendekoder"},"content":{"rendered":"<h3>\u00a0<a href=\"https:\/\/i0.wp.com\/www.sbdekoder.de\/wp-content\/uploads\/2016\/12\/EWD3teaser.png\"><img data-recalc-dims=\"1\" loading=\"lazy\" decoding=\"async\" class=\"alignnone size-large wp-image-211\" src=\"https:\/\/i0.wp.com\/www.sbdekoder.de\/wp-content\/uploads\/2016\/12\/EWD3teaser-1024x676.png?resize=780%2C515\" alt=\"\" width=\"780\" height=\"515\" srcset=\"https:\/\/i0.wp.com\/sbdekoder.de\/wp-content\/uploads\/2016\/12\/EWD3teaser.png?resize=1024%2C676&amp;ssl=1 1024w, https:\/\/i0.wp.com\/sbdekoder.de\/wp-content\/uploads\/2016\/12\/EWD3teaser.png?resize=300%2C198&amp;ssl=1 300w, https:\/\/i0.wp.com\/sbdekoder.de\/wp-content\/uploads\/2016\/12\/EWD3teaser.png?resize=768%2C507&amp;ssl=1 768w, https:\/\/i0.wp.com\/sbdekoder.de\/wp-content\/uploads\/2016\/12\/EWD3teaser.png?w=1082&amp;ssl=1 1082w\" sizes=\"auto, (max-width: 780px) 100vw, 780px\" \/><\/a><\/h3>\n<h3><em>Einer der wahrscheinlich sch\u00f6nsten Dekoder<\/em><\/h3>\n<p>vier, acht, sechtzehn &#8211; lange Zeit galt beim Dekoderbau das Prinzip: &#8218;H\u00f6her, gr\u00f6\u00dfer weiter&#8216;. Dabei kommt es doch gar nicht so sehr auf die Gr\u00f6\u00dfe an, sondern eher die kleinen Sachen bereiten uns die gr\u00f6\u00dfte Freude.<\/p>\n<h2>Das ist er<\/h2>\n<p>Acht Weichen anschlie\u00dfen ist zwar wirtschaftlich ne super Sache, aber im Garten nicht unbedingt praxisnah. Wie oft liegen gleich acht Weichen so dicht beieinander, dass man mit vertretbarem Aufwand die Kabel vom Dekoder zum Antrieb legen kann? &#8211; Merkste selbst, ist bl\u00f6d &#8211; Die Idee, jede Weiche einzelnd anzuschlie\u00dfen ist zwar nicht unbedingt neu, aber scheiterte oftmals daran, dass die zu verbauenden Dekoder riesengro\u00df, oder schwachsinnig teuer waren. Hinzu kommt, dass durch die Bauart der LGB Weichenantriebe nicht jeder Dekoder geeignet ist.<\/p>\n<p>Die bekannten Zutaten der Beleuchtungs- und 8er Weichendekoder, jetzt wesentlich kleiner und etwas g\u00fcnstiger. Technisch mussten einige Sachen grundlegend ge\u00e4ndert werden, aber dadurch ist jetzt eine wirklich handliche und zuverl\u00e4ssige Platine herausgekommen.<\/p>\n<p>W\u00e4hrend in der Version 2 noch eine Zetex MOSFET H-Br\u00fcckenschaltung zum Einsatz kam, greifen wir jetzt auf einen integrierten Motortreiber von Texas Instruments zur\u00fcck, der auf den Namen DRV8870 h\u00f6rt und der mit einer Ausgangsleistung jenseits der 3 Ampere sehr gro\u00dfz\u00fcgig Dimensioniert ist. Au\u00dferdem sind verschiedene Sicherungseinrichtungen verbaut, die daf\u00fcr sorge tragen, dass bei einer Fehlfunktion am Ausgang (Kurzschluss, \u00dcberlast und Temperatur) nicht sofort der Dekoder kaputt geht, sondern erstmal die Ausgangsendstufe abschaltet, bis die Betriebsparameter wieder im Normbereich sind\u00a0sind.<\/p>\n<p>Als kleines Schmankerl besitzt der Dekoder erstmalig (zumindest f\u00fcr die Spa\u00dfbahndekoder) einen Aux-Ausgang zum Anschluss einer Weichenlaterne, oder eines Relais zur Beschaltung eines nachfolgenden Abstellgleises, oder gar zur Umschaltung der Polarit\u00e4t des Weichenherzst\u00fcckes.<\/p>\n<p>Die Programmierung erfolgt durch einen Hall-Sensor, der so positioniert ist, dass man ihn am Schwellenrand ausl\u00f6sen kann. Der n\u00e4chste empfangene Befehl ist dann die Schaltadresse.<\/p>\n<p>&nbsp;<\/p>\n<hr \/>\n<blockquote><p>\u00abBesser ein blindes Huhn in der Hand, als ein Korn auf&#8217;m Dach\u00bb<\/p><\/blockquote>\n<hr \/>\n<p>&nbsp;<\/p>\n<h2>Und wie soll man den verstecken?<\/h2>\n<p>Der Dekoder ist so ausgelegt, dass er perfekt unter eine Schwelle des LGB Gleisbettes passt. (manche Hersteller, haben gegossene Stege unter der Schwelle. Da passt es dann nat\u00fcrlich nicht.) Die DCC Versorgung entnimmt man dem Gleisanschluss und mit zwei unauff\u00e4lligen Kabel wird der Weichenantrieb angeschlossen.<\/p>\n<p>Um den Dekoder im Au\u00dfenbereich zu isolieren, kann man schlicht mit Schrumpfschlauch einschwei\u00dfen, oder in Silikon einbetten.<\/p>\n<p><span class=\"embed-youtube\" style=\"text-align:center; display: block;\"><iframe loading=\"lazy\" class=\"youtube-player\" width=\"780\" height=\"439\" src=\"https:\/\/www.youtube.com\/embed\/TAsoXe1RJSE?version=3&#038;rel=1&#038;showsearch=0&#038;showinfo=1&#038;iv_load_policy=1&#038;fs=1&#038;hl=de-DE&#038;autohide=2&#038;wmode=transparent\" allowfullscreen=\"true\" style=\"border:0;\" sandbox=\"allow-scripts allow-same-origin allow-popups allow-presentation allow-popups-to-escape-sandbox\"><\/iframe><\/span><\/p>\n<p>Wie das genau funktioniert zeigt dieses qualitativ minderwertige Video.<\/p>\n<h2>Downloads<\/h2>\n<h5><i class=\"wp-svg-cloud-download cloud-download\"><\/i>\u00a0<a href=\"http:\/\/www.sbdekoder.de\/wp-content\/uploads\/2015\/10\/Dekoder-L\u00f6tanleitung.pdf\" target=\"_blank\" rel=\"noopener noreferrer\">Allgemeine L\u00f6tanleitung\u00a0<\/a><\/h5>\n<p>F\u00fcr Anf\u00e4nger geeignet und ein gro\u00dfer Spa\u00df f\u00fcr die ganze Familie.<\/p>\n<h5><i class=\"wp-svg-cloud-download cloud-download\"><\/i><a href=\"http:\/\/sbdekoder.de\/wp-content\/uploads\/2017\/04\/EWD3-Mid2017.pdf\">Bau und Bedienungsanleitung &#8211; EWD 3 Mid2017<\/a><\/h5>\n<p>Nur so lange der Vorrat reicht<\/p>\n<h5><i class=\"wp-svg-cloud-download cloud-download\"><\/i><a href=\"http:\/\/sbdekoder.de\/wp-content\/uploads\/2017\/02\/EWD3-Early2017.pdf\">Bau und Bedienungsanleitung &#8211; EWD 3\u00a0Early2017<\/a><\/h5>\n<p>Geeignet f\u00fcr ausgedehnte Toiletteng\u00e4nge<\/p>\n<h5><i class=\"wp-svg-cloud-download cloud-download\"><\/i><a href=\"http:\/\/sbdekoder.de\/wp-content\/uploads\/2017\/02\/Einzelweichendekoder-Mid-2016.pdf\">Bau und Bedienungsanleitung &#8211; Einzelweichendekoder Mid2016<\/a><\/h5>\n<p>Mit neuer Rezeptur<\/p>\n<h5><i class=\"wp-svg-cloud-download cloud-download\"><\/i>\u00a0<a href=\"http:\/\/www.sbdekoder.de\/wp-content\/uploads\/2015\/10\/Einzelweichendekoder-Mid-2015.pdf\" target=\"_blank\" rel=\"noopener noreferrer\">Bau und Bedienungsanleitung &#8211; Einzelweichendekoder Mid2015 <\/a><\/h5>\n<p>Kurzweilig und \u00fcberraschend hilfreich.<\/p>\n<h5><i class=\"wp-svg-cloud-download cloud-download\"><\/i><a href=\"http:\/\/sbdekoder.de\/wp-content\/uploads\/2017\/02\/Anleitung.pdf\">Anleitung zum Einbau in LGB Weichen<\/a><\/h5>\n<p>L\u00fcckenlos bebilderte Anleitung, zur Verf\u00fcgung gestellt von Marcus Zerwig.<\/p>\n<h2>Versionshistorie<\/h2>\n<ul>\n<li><em>Febr\u00a02011:\u00a0<\/em>Erste Hardwareversion mit ROHM H-Br\u00fcckentreiber &#8211; funktioniert nicht.<\/li>\n<li><em>Jun 2014: <\/em>Neue Hardware, gleicher Treiber. Software 1.0 basierend auf Digitalbahn Firmware<\/li>\n<li><em>Jul 2014<\/em>: erste Serie, leicht abgewandelt<\/li>\n<li><em>Dez. 2014: <\/em>ROHM Treiber sind aufgebraucht, neue nicht verf\u00fcgbar &#8211; Mist<\/li>\n<li><em>Feb. 2015: <\/em>neue Hardware, jetzt mit einer MOSFET-H Br\u00fccke, neue Software (2.0)<\/li>\n<li><em>Aug. 2015:<\/em> neue Hardware, die alte raucht zu stark; neue Software (2.1)<\/li>\n<li><em>Sep. 2015:\u00a0<\/em>neue Serie, gleiche Hardware<\/li>\n<li><em>Sep. 2015:\u00a0<\/em>neue Software (2.2) &#8211; Stromverbrauch reduziert, Br\u00fccke wird im Ruhezustand gesperrt<\/li>\n<li><em>Jun.2016:<\/em> neue Hardware (2.2) &#8211; gr\u00f6\u00dfere Pufferkapazit\u00e4t und Hallsensor; Software (2.3)<\/li>\n<li><em>Jan.2017:\u00a0<\/em>Einzelweichendekoder 3 mit TI DRV8870 und Software 3.0<\/li>\n<li><em>Feb.2017: N<\/em>eue Hardware (3.2) mit neuem Magnetsensor<\/li>\n<li><em>Aug.2017: N<\/em>eue Hardware (3.3) mit Software 3.2 vom EWD3 SE<\/li>\n<\/ul>\n","protected":false},"excerpt":{"rendered":"<p>\u00a0 Einer der wahrscheinlich sch\u00f6nsten Dekoder vier, acht, sechtzehn &#8211; lange Zeit galt beim Dekoderbau das Prinzip: &#8218;H\u00f6her, gr\u00f6\u00dfer weiter&#8216;. Dabei kommt es doch gar nicht so sehr auf die Gr\u00f6\u00dfe an, sondern eher die kleinen Sachen bereiten uns die gr\u00f6\u00dfte Freude. Das ist er Acht Weichen anschlie\u00dfen ist zwar wirtschaftlich ne super Sache, aber [&hellip;]<\/p>\n","protected":false},"author":1,"featured_media":211,"parent":0,"menu_order":0,"comment_status":"closed","ping_status":"closed","template":"","meta":{"jetpack_post_was_ever_published":false,"footnotes":""},"class_list":["post-22","page","type-page","status-publish","has-post-thumbnail","hentry"],"jetpack_sharing_enabled":true,"jetpack_shortlink":"https:\/\/wp.me\/P8oh8H-m","_links":{"self":[{"href":"https:\/\/sbdekoder.de\/index.php?rest_route=\/wp\/v2\/pages\/22","targetHints":{"allow":["GET"]}}],"collection":[{"href":"https:\/\/sbdekoder.de\/index.php?rest_route=\/wp\/v2\/pages"}],"about":[{"href":"https:\/\/sbdekoder.de\/index.php?rest_route=\/wp\/v2\/types\/page"}],"author":[{"embeddable":true,"href":"https:\/\/sbdekoder.de\/index.php?rest_route=\/wp\/v2\/users\/1"}],"replies":[{"embeddable":true,"href":"https:\/\/sbdekoder.de\/index.php?rest_route=%2Fwp%2Fv2%2Fcomments&post=22"}],"version-history":[{"count":7,"href":"https:\/\/sbdekoder.de\/index.php?rest_route=\/wp\/v2\/pages\/22\/revisions"}],"predecessor-version":[{"id":520,"href":"https:\/\/sbdekoder.de\/index.php?rest_route=\/wp\/v2\/pages\/22\/revisions\/520"}],"wp:featuredmedia":[{"embeddable":true,"href":"https:\/\/sbdekoder.de\/index.php?rest_route=\/wp\/v2\/media\/211"}],"wp:attachment":[{"href":"https:\/\/sbdekoder.de\/index.php?rest_route=%2Fwp%2Fv2%2Fmedia&parent=22"}],"curies":[{"name":"wp","href":"https:\/\/api.w.org\/{rel}","templated":true}]}}