{"id":116,"date":"2016-04-24T13:27:43","date_gmt":"2016-04-24T11:27:43","guid":{"rendered":"http:\/\/www.fenstermoeblierung.de\/wordpress\/sbdekoder\/?page_id=116"},"modified":"2018-01-02T13:23:27","modified_gmt":"2018-01-02T12:23:27","slug":"spasscan-interface","status":"publish","type":"page","link":"https:\/\/sbdekoder.de\/?page_id=116","title":{"rendered":"Spa\u00dfCAN &#8211; Interface"},"content":{"rendered":"<div class=\"page\" title=\"Page 6\">\n<div class=\"layoutArea\">\n<div class=\"column\">\n<h4>Spa\u00dfCAN Interface 2 (2017)<\/h4>\n<p><a href=\"https:\/\/i0.wp.com\/sbdekoder.de\/wp-content\/uploads\/2017\/11\/IMG_6682.jpg\"><img data-recalc-dims=\"1\" loading=\"lazy\" decoding=\"async\" class=\"wp-image-570 alignleft\" src=\"https:\/\/i0.wp.com\/sbdekoder.de\/wp-content\/uploads\/2017\/11\/IMG_6682-1024x768.jpg?resize=389%2C291\" alt=\"\" width=\"389\" height=\"291\" srcset=\"https:\/\/i0.wp.com\/sbdekoder.de\/wp-content\/uploads\/2017\/11\/IMG_6682.jpg?resize=1024%2C768&amp;ssl=1 1024w, https:\/\/i0.wp.com\/sbdekoder.de\/wp-content\/uploads\/2017\/11\/IMG_6682.jpg?resize=300%2C225&amp;ssl=1 300w, https:\/\/i0.wp.com\/sbdekoder.de\/wp-content\/uploads\/2017\/11\/IMG_6682.jpg?resize=768%2C576&amp;ssl=1 768w, https:\/\/i0.wp.com\/sbdekoder.de\/wp-content\/uploads\/2017\/11\/IMG_6682.jpg?w=1560&amp;ssl=1 1560w, https:\/\/i0.wp.com\/sbdekoder.de\/wp-content\/uploads\/2017\/11\/IMG_6682.jpg?w=2340&amp;ssl=1 2340w\" sizes=\"auto, (max-width: 389px) 100vw, 389px\" \/><\/a><\/p>\n<p>Wenn die Modellbahn mit dem Computer redet, kann man davon ausgehen, dass sie sich viel zu erz\u00e4hlen haben. Auf welchem Wege das geschieht, ist in erster Linie mal dem Anwender selbst \u00fcberlassen. Eine gute M\u00f6glichkeit bietet hier zum Beispiel das neue Spa\u00dfCAN Interface 2. Wie von der ersten Version bekannt, kann man eine USB-Verbindung zwischen dem CAN-Bus und dem Computer herstellen, jedoch sollte man auf diesem steinzeitlichen Weg, sich stets die Vorz\u00fcge einer WLAN-Verbindung vor Augen f\u00fchren, denn auch diese ist jetzt nativ m\u00f6glich. W\u00e4hrend nach wie vor das RASCII-Protokoll zur seriellen Kommunikation verwendet wird, geschieht die WLAN-Kommunikation \u00fcber das RocRail-eigene RocNet Protokoll, welches eine Ausf\u00fchrungsschicht auf dem UDP-Multicast \u00dcbertragungsverfahren darstellt. Nun muss keine R\u00e4umliche Verbindung mehr zwischen Steuerungsserver und Interface bestehen und auch mehrere Server k\u00f6nnen sich die Daten von einem Interface abholen. Die Programmierung kann \u00fcber einen komplett getrennten PC erfolgen und kann also \u201adirekt\u2019 am R\u00fcckmelder durchgef\u00fchrt werden.<\/p>\n<p>Zus\u00e4tzlich besteht die M\u00f6glichkeit, an das Interface ein OLED-Display anzuschlie\u00dfen, um die Einrichtung zu vereinfachen und die Melderadressen auszulesen.<\/p>\n<p>Wie gehabt ist eine Stromversorgung durch das Interface m\u00f6glich und es ist nichts weiter erforderlich als irgendein billiges Netzteil \u00a012V-20V AC\/DC ab 500mA.<\/p>\n<h4>Spa\u00dfCAN Interface 1.2<\/h4>\n<p>Das Herzst\u00fcck des Systems ist das Interface. Hier werden die Meldungen auf dem Bus interpretiert, zusammengefasst und an den Steuerrechner weitergeleitet.<\/p>\n<p>Es gibt zwei verschiedene Softwareversionen. Zum einen die Littfinski HSI Emulation, die dann allerdings nur die Gleisbesetztmeldung unterst\u00fctzt, zum anderen das SpassCAN\/RASCII Protokoll, f\u00fcr den vollen Funktionsumfang.<\/p>\n<p><a href=\"https:\/\/i0.wp.com\/sbdekoder.de\/wp-content\/uploads\/2016\/04\/INterface.jpg\"><img data-recalc-dims=\"1\" loading=\"lazy\" decoding=\"async\" class=\"alignnone size-full wp-image-114\" src=\"https:\/\/i0.wp.com\/sbdekoder.de\/wp-content\/uploads\/2016\/04\/INterface.jpg?resize=400%2C343\" alt=\"\" width=\"400\" height=\"343\" srcset=\"https:\/\/i0.wp.com\/sbdekoder.de\/wp-content\/uploads\/2016\/04\/INterface.jpg?w=400&amp;ssl=1 400w, https:\/\/i0.wp.com\/sbdekoder.de\/wp-content\/uploads\/2016\/04\/INterface.jpg?resize=300%2C257&amp;ssl=1 300w\" sizes=\"auto, (max-width: 400px) 100vw, 400px\" \/><\/a><\/p>\n<p>Einige g\u00fcnstige Arduinos nutzen den CH340-Schnittstellenkonverter zum Anschluss an einen USB-Port. Dieses Chipset ben\u00f6tigt eigene Treiber, um auf den Arduino zugreifen zu k\u00f6nnen. (Download unten)<\/p>\n<p>Weiterhin erforderlich ist ein Netzteil, welches zwischen 0,5 und 1,0 Ampere bei 12V &#8211; 18V leisten sollte. Der Anschluss erfolgt an der oberen zweipoligen Klemme, die Polarit\u00e4t ist egal.<\/p>\n<p>Die untere vierpolige Klemme ist der Busanschluss.<br \/>\nZwischen den Anschlussklemmen befinden sich drei LEDs, die wie folgt melden:<\/p>\n<p>Oben: Status &#8211; Das Interface erh\u00e4lt Strom Mitte: CAN sendet<br \/>\nUnten: CAN empf\u00e4ngt<\/p>\n<p>Hinter dem Busanschluss befindet sich eine L\u00f6tbr\u00fccke f\u00fcr den Widerstand der Busterminierung. Wenn sich das Interface nicht am Anfang des Busstrangs befindet, Ist diese zu entfernen.<\/p>\n<p>F\u00fcr die Adressprogrammierung des neuen RocNet Interfaces steht das Tool &#8218;Spa\u00dfCAN Konfigurator&#8216; zur Verf\u00fcgung. Die Entwicklung der Software kann auf <a href=\"https:\/\/gitlab.com\/spasscan\/konfigurator\">GitLab<\/a>\u00a0verfolgt werden. der Spa\u00dfCAN Konfigurator setzt eine Python3 Umgebung voraus, die auf allen Systemen lauff\u00e4hig ist. Weitere Infos im <a href=\"https:\/\/gitlab.com\/spasscan\/konfigurator\/wikis\/home\">Wiki\u00a0<\/a>oder unter Spa\u00dfCAN Konfigurator.<\/p>\n<\/div>\n<h2>Downloads<\/h2>\n<h5>Interface 2.0<\/h5>\n<h5><i class=\"wp-svg-cloud-download cloud-download\"><\/i> <a href=\"http:\/\/sbdekoder.de\/wp-content\/uploads\/2017\/12\/L\u00f6tanleitung-Interface-2-Late2017.pdf\">L\u00f6t- und Bedienungsanleitung Interface 2 5.11.<\/a><\/h5>\n<p>D\u00e4sch Inderfatze &#8211; unbekannter Schwabe<\/p>\n<hr \/>\n<h5>Interface 1.2<\/h5>\n<h5><i class=\"wp-svg-cloud-download cloud-download\"><\/i> <a href=\"http:\/\/sbdekoder.de\/wp-content\/uploads\/2017\/02\/SpassCAN_Interface_RASCII10.zip\">RASCII Interface 1.0 &#8211; Arduino Sketch<\/a><\/h5>\n<p>Sketch me if you can!<\/p>\n<h5><i class=\"wp-svg-cloud-download cloud-download\"><\/i>\u00a0HSI Emulator 1.2 &#8211; Arduino Sketch<\/h5>\n<p>etch-a-sketch<\/p>\n<h5><i class=\"wp-svg-cloud-download cloud-download\"><\/i> \u00a0<i class=\"wp-svg-windows8 windows8\"><\/i>\u00a0<a href=\"http:\/\/sbdekoder.de\/wp-content\/uploads\/2017\/02\/SpassCANbasic.zip\">Spa\u00dfCAN Basic Bus Programmer 1.0<\/a><\/h5>\n<p>Simpel, aber hilfreich.<\/p>\n<h5><i class=\"wp-svg-cloud-download cloud-download\"><\/i> \u00a0<i class=\"wp-svg-windows8 windows8\"><\/i>\u00a0<a href=\"http:\/\/sbdekoder.de\/wp-content\/uploads\/2017\/02\/CH341win.zip\">CH340-Schnittstellentreiber Windows<\/a><\/h5>\n<p>98\/ME\/2000\/XP\/Vista\/7\/8\/8.1\/10\/2003\/2008\/2012 &#8211; 32\/64 bit<\/p>\n<h5><i class=\"wp-svg-cloud-download cloud-download\"><\/i> \u00a0<i class=\"wp-svg-apple apple\"><\/i> <a href=\"http:\/\/sbdekoder.de\/wp-content\/uploads\/2017\/02\/CH341osx.zip\">CH340-Schnittstellentreiber macOS<\/a><\/h5>\n<p>ab Mac OS X &#8218;Leopard&#8216; &#8211; macOS Sierra kompatibel ohne Kernel Panic<\/p>\n<h5><i class=\"wp-svg-cloud-download cloud-download\"><\/i> \u00a0<i class=\"wp-svg-tux tux\"><\/i> <a href=\"http:\/\/sbdekoder.de\/wp-content\/uploads\/2017\/02\/CH341lin.zip\">CH340-Schnittstellentreiber Linux<\/a><\/h5>\n<p>ab Kernelversion 3.x<\/p>\n<\/div>\n<h5><i class=\"wp-svg-cloud-download cloud-download\"><\/i>\u00a0<i class=\"wp-svg-file-excel file-excel\"><\/i>\u00a0<a href=\"http:\/\/sbdekoder.de\/wp-content\/uploads\/2017\/03\/SpassCan-Melder-16-Vers-1.1.xlsx\">Portadressvorschau<\/a><\/h5>\n<p>Hilfreiches Excelsheet zur Adressbestimmung der einzelnen Melderports. Zur Verf\u00fcgung gestellt von Hans-Joachim Lemke.<\/p>\n<div class=\"layoutArea\">\n<h2>Versionshistorie<\/h2>\n<ul>\n<li><em>Nov.\u00a02017: <\/em>Hardware 2.0, Software 1.1 ESP8266<\/li>\n<li><em>Jan.\u00a02016: <\/em>Hardware 1.0: SPI-CAN Controllershield mit Arduino Nano Software: HSI-Emu b.3<\/li>\n<li><em>M\u00e4rz\u00a02016: <\/em>Hardware 1.1: Testboard mit Arduino Nano kompatiblen Pinout.<\/li>\n<li><em>Apr.\u00a02016<\/em>: Hardware 1.2: wie 1.1, jedoch mit zus\u00e4tzlicher Busspannungsregelung.<\/li>\n<\/ul>\n<\/div>\n<\/div>\n","protected":false},"excerpt":{"rendered":"<p>Spa\u00dfCAN Interface 2 (2017) Wenn die Modellbahn mit dem Computer redet, kann man davon ausgehen, dass sie sich viel zu erz\u00e4hlen haben. Auf welchem Wege das geschieht, ist in erster Linie mal dem Anwender selbst \u00fcberlassen. Eine gute M\u00f6glichkeit bietet hier zum Beispiel das neue Spa\u00dfCAN Interface 2. Wie von der ersten Version bekannt, kann [&hellip;]<\/p>\n","protected":false},"author":1,"featured_media":0,"parent":0,"menu_order":0,"comment_status":"closed","ping_status":"closed","template":"","meta":{"jetpack_post_was_ever_published":false,"footnotes":""},"class_list":["post-116","page","type-page","status-publish","hentry"],"jetpack_sharing_enabled":true,"jetpack_shortlink":"https:\/\/wp.me\/P8oh8H-1S","_links":{"self":[{"href":"https:\/\/sbdekoder.de\/index.php?rest_route=\/wp\/v2\/pages\/116","targetHints":{"allow":["GET"]}}],"collection":[{"href":"https:\/\/sbdekoder.de\/index.php?rest_route=\/wp\/v2\/pages"}],"about":[{"href":"https:\/\/sbdekoder.de\/index.php?rest_route=\/wp\/v2\/types\/page"}],"author":[{"embeddable":true,"href":"https:\/\/sbdekoder.de\/index.php?rest_route=\/wp\/v2\/users\/1"}],"replies":[{"embeddable":true,"href":"https:\/\/sbdekoder.de\/index.php?rest_route=%2Fwp%2Fv2%2Fcomments&post=116"}],"version-history":[{"count":17,"href":"https:\/\/sbdekoder.de\/index.php?rest_route=\/wp\/v2\/pages\/116\/revisions"}],"predecessor-version":[{"id":615,"href":"https:\/\/sbdekoder.de\/index.php?rest_route=\/wp\/v2\/pages\/116\/revisions\/615"}],"wp:attachment":[{"href":"https:\/\/sbdekoder.de\/index.php?rest_route=%2Fwp%2Fv2%2Fmedia&parent=116"}],"curies":[{"name":"wp","href":"https:\/\/api.w.org\/{rel}","templated":true}]}}